{"id":2347,"date":"2024-02-23T20:48:05","date_gmt":"2024-02-23T20:48:05","guid":{"rendered":"https:\/\/guatepaginas.com\/f\/?page_id=2347"},"modified":"2025-05-20T21:16:16","modified_gmt":"2025-05-20T21:16:16","slug":"pagos-en-linea","status":"publish","type":"page","link":"https:\/\/munifraijanes.gob.gt\/wordpress\/?page_id=2347","title":{"rendered":"Pagos en linea"},"content":{"rendered":"\t\t<div data-elementor-type=\"wp-page\" data-elementor-id=\"2347\" class=\"elementor elementor-2347\">\n\t\t\t\t<div class=\"elementor-element elementor-element-bdf1e06 e-con-full e-flex e-con e-parent\" data-id=\"bdf1e06\" data-element_type=\"container\">\n\t\t\t\t<div class=\"elementor-element elementor-element-7e59232 elementor-widget elementor-widget-heading\" data-id=\"7e59232\" data-element_type=\"widget\" data-widget_type=\"heading.default\">\n\t\t\t\t<div class=\"elementor-widget-container\">\n\t\t\t<style>\/*! elementor - v3.22.0 - 26-06-2024 *\/\n.elementor-heading-title{padding:0;margin:0;line-height:1}.elementor-widget-heading .elementor-heading-title[class*=elementor-size-]>a{color:inherit;font-size:inherit;line-height:inherit}.elementor-widget-heading .elementor-heading-title.elementor-size-small{font-size:15px}.elementor-widget-heading .elementor-heading-title.elementor-size-medium{font-size:19px}.elementor-widget-heading .elementor-heading-title.elementor-size-large{font-size:29px}.elementor-widget-heading .elementor-heading-title.elementor-size-xl{font-size:39px}.elementor-widget-heading .elementor-heading-title.elementor-size-xxl{font-size:59px}<\/style><h2 class=\"elementor-heading-title elementor-size-default\">PAGOS EN L\u00cdNEA<\/h2>\t\t<\/div>\n\t\t\t\t<\/div>\n\t\t\t\t<div class=\"elementor-element elementor-element-7b29b80 elementor-widget elementor-widget-text-editor\" data-id=\"7b29b80\" data-element_type=\"widget\" data-widget_type=\"text-editor.default\">\n\t\t\t\t<div class=\"elementor-widget-container\">\n\t\t\t<style>\/*! elementor - v3.22.0 - 26-06-2024 *\/\n.elementor-widget-text-editor.elementor-drop-cap-view-stacked .elementor-drop-cap{background-color:#69727d;color:#fff}.elementor-widget-text-editor.elementor-drop-cap-view-framed .elementor-drop-cap{color:#69727d;border:3px solid;background-color:transparent}.elementor-widget-text-editor:not(.elementor-drop-cap-view-default) .elementor-drop-cap{margin-top:8px}.elementor-widget-text-editor:not(.elementor-drop-cap-view-default) .elementor-drop-cap-letter{width:1em;height:1em}.elementor-widget-text-editor .elementor-drop-cap{float:left;text-align:center;line-height:1;font-size:50px}.elementor-widget-text-editor .elementor-drop-cap-letter{display:inline-block}<\/style>\t\t\t\t<p style=\"text-align: center;\"><strong>Por su seguridad ser\u00e1 redirigido a una p\u00e1gina externa del Ministerio de Finanzas P\u00fablicas, donde podr\u00e1 realizar su pago de manera segura y confiable.<\/strong><\/p>\t\t\t\t\t\t<\/div>\n\t\t\t\t<\/div>\n\t\t\t\t<\/div>\n\t\t<div class=\"elementor-element elementor-element-58301bb e-con-full e-flex e-con e-parent\" data-id=\"58301bb\" data-element_type=\"container\">\n\t\t<div class=\"elementor-element elementor-element-bd27614 e-flex e-con-boxed e-con e-child\" data-id=\"bd27614\" data-element_type=\"container\">\n\t\t\t\t\t<div class=\"e-con-inner\">\n\t\t<div class=\"elementor-element elementor-element-c1a371a e-con-full e-flex e-con e-child\" data-id=\"c1a371a\" data-element_type=\"container\">\n\t\t\t\t<div class=\"elementor-element elementor-element-f92290f elementor-align-justify elementor-widget__width-initial elementor-widget elementor-widget-button\" data-id=\"f92290f\" data-element_type=\"widget\" data-widget_type=\"button.default\">\n\t\t\t\t<div class=\"elementor-widget-container\">\n\t\t\t\t\t<div class=\"elementor-button-wrapper\">\n\t\t\t<a class=\"elementor-button elementor-button-link elementor-size-sm broken_link\" href=\"https:\/\/serviciosportalgl.minfin.gob.gt\/pago-documento-cobro\">\n\t\t\t\t\t\t<span class=\"elementor-button-content-wrapper\">\n\t\t\t\t\t\t\t\t\t<span class=\"elementor-button-text\">\ud83c\udfe1 IUSI<\/span>\n\t\t\t\t\t<\/span>\n\t\t\t\t\t<\/a>\n\t\t<\/div>\n\t\t\t\t<\/div>\n\t\t\t\t<\/div>\n\t\t\t\t<div class=\"elementor-element elementor-element-f5d07c1 elementor-align-justify elementor-widget__width-initial elementor-widget elementor-widget-button\" data-id=\"f5d07c1\" data-element_type=\"widget\" data-widget_type=\"button.default\">\n\t\t\t\t<div class=\"elementor-widget-container\">\n\t\t\t\t\t<div class=\"elementor-button-wrapper\">\n\t\t\t<a class=\"elementor-button elementor-button-link elementor-size-sm broken_link\" href=\"https:\/\/serviciosportalgl.minfin.gob.gt\/pago-documento-cobro\">\n\t\t\t\t\t\t<span class=\"elementor-button-content-wrapper\">\n\t\t\t\t\t\t\t\t\t<span class=\"elementor-button-text\">\ud83d\udca7AGUA<\/span>\n\t\t\t\t\t<\/span>\n\t\t\t\t\t<\/a>\n\t\t<\/div>\n\t\t\t\t<\/div>\n\t\t\t\t<\/div>\n\t\t\t\t<div class=\"elementor-element elementor-element-f06e84f elementor-align-justify elementor-widget__width-initial elementor-widget elementor-widget-button\" data-id=\"f06e84f\" data-element_type=\"widget\" data-widget_type=\"button.default\">\n\t\t\t\t<div class=\"elementor-widget-container\">\n\t\t\t\t\t<div class=\"elementor-button-wrapper\">\n\t\t\t<a class=\"elementor-button elementor-button-link elementor-size-sm broken_link\" href=\"https:\/\/serviciosportalgl.minfin.gob.gt\/pago-documento-cobro\">\n\t\t\t\t\t\t<span class=\"elementor-button-content-wrapper\">\n\t\t\t\t\t\t\t\t\t<span class=\"elementor-button-text\">\ud83d\ude4b\ud83c\udffbBOLETO DE ORNATO<\/span>\n\t\t\t\t\t<\/span>\n\t\t\t\t\t<\/a>\n\t\t<\/div>\n\t\t\t\t<\/div>\n\t\t\t\t<\/div>\n\t\t\t\t<\/div>\n\t\t<div class=\"elementor-element elementor-element-0ebd6e1 e-con-full e-flex e-con e-child\" data-id=\"0ebd6e1\" data-element_type=\"container\">\n\t\t\t\t<div class=\"elementor-element elementor-element-7784ae9 elementor-widget__width-initial elementor-widget elementor-widget-accordion\" data-id=\"7784ae9\" data-element_type=\"widget\" data-widget_type=\"accordion.default\">\n\t\t\t\t<div class=\"elementor-widget-container\">\n\t\t\t<style>\/*! elementor - v3.22.0 - 26-06-2024 *\/\n.elementor-accordion{text-align:start}.elementor-accordion .elementor-accordion-item{border:1px solid #d5d8dc}.elementor-accordion .elementor-accordion-item+.elementor-accordion-item{border-top:none}.elementor-accordion .elementor-tab-title{margin:0;padding:15px 20px;font-weight:700;line-height:1;cursor:pointer;outline:none}.elementor-accordion .elementor-tab-title .elementor-accordion-icon{display:inline-block;width:1.5em}.elementor-accordion .elementor-tab-title .elementor-accordion-icon svg{width:1em;height:1em}.elementor-accordion .elementor-tab-title .elementor-accordion-icon.elementor-accordion-icon-right{float:right;text-align:right}.elementor-accordion .elementor-tab-title .elementor-accordion-icon.elementor-accordion-icon-left{float:left;text-align:left}.elementor-accordion .elementor-tab-title .elementor-accordion-icon .elementor-accordion-icon-closed{display:block}.elementor-accordion .elementor-tab-title .elementor-accordion-icon .elementor-accordion-icon-opened,.elementor-accordion .elementor-tab-title.elementor-active .elementor-accordion-icon-closed{display:none}.elementor-accordion .elementor-tab-title.elementor-active .elementor-accordion-icon-opened{display:block}.elementor-accordion .elementor-tab-content{display:none;padding:15px 20px;border-top:1px solid #d5d8dc}@media (max-width:767px){.elementor-accordion .elementor-tab-title{padding:12px 15px}.elementor-accordion .elementor-tab-title .elementor-accordion-icon{width:1.2em}.elementor-accordion .elementor-tab-content{padding:7px 15px}}.e-con-inner>.elementor-widget-accordion,.e-con>.elementor-widget-accordion{width:var(--container-widget-width);--flex-grow:var(--container-widget-flex-grow)}<\/style>\t\t<div class=\"elementor-accordion\">\n\t\t\t\t\t\t\t<div class=\"elementor-accordion-item\">\n\t\t\t\t\t<div id=\"elementor-tab-title-1251\" class=\"elementor-tab-title\" data-tab=\"1\" role=\"button\" aria-controls=\"elementor-tab-content-1251\" aria-expanded=\"false\">\n\t\t\t\t\t\t\t\t\t\t\t\t\t<span class=\"elementor-accordion-icon elementor-accordion-icon-left\" aria-hidden=\"true\">\n\t\t\t\t\t\t\t\t\t\t\t\t\t\t\t<span class=\"elementor-accordion-icon-closed\"><svg class=\"e-font-icon-svg e-fas-caret-square-down\" viewBox=\"0 0 448 512\" xmlns=\"http:\/\/www.w3.org\/2000\/svg\"><path d=\"M448 80v352c0 26.5-21.5 48-48 48H48c-26.5 0-48-21.5-48-48V80c0-26.5 21.5-48 48-48h352c26.5 0 48 21.5 48 48zM92.5 220.5l123 123c4.7 4.7 12.3 4.7 17 0l123-123c7.6-7.6 2.2-20.5-8.5-20.5H101c-10.7 0-16.1 12.9-8.5 20.5z\"><\/path><\/svg><\/span>\n\t\t\t\t\t\t\t\t<span class=\"elementor-accordion-icon-opened\"><svg class=\"e-font-icon-svg e-fas-caret-square-up\" viewBox=\"0 0 448 512\" xmlns=\"http:\/\/www.w3.org\/2000\/svg\"><path d=\"M0 432V80c0-26.51 21.49-48 48-48h352c26.51 0 48 21.49 48 48v352c0 26.51-21.49 48-48 48H48c-26.51 0-48-21.49-48-48zm355.515-140.485l-123.03-123.03c-4.686-4.686-12.284-4.686-16.971 0L92.485 291.515c-7.56 7.56-2.206 20.485 8.485 20.485h246.059c10.691 0 16.045-12.926 8.486-20.485z\"><\/path><\/svg><\/span>\n\t\t\t\t\t\t\t\t\t\t\t\t\t\t<\/span>\n\t\t\t\t\t\t\t\t\t\t\t\t<a class=\"elementor-accordion-title\" tabindex=\"0\">CONOCE LOS PASOS PARA  TU PAGO DE IUSI Y SERVICIO DE AGUA<\/a>\n\t\t\t\t\t<\/div>\n\t\t\t\t\t<div id=\"elementor-tab-content-1251\" class=\"elementor-tab-content elementor-clearfix\" data-tab=\"1\" role=\"region\" aria-labelledby=\"elementor-tab-title-1251\"><p class=\"\" style=\"text-align: left;\" data-start=\"631\" data-end=\"723\">Ser\u00e1s redirigido al formulario titulado &#8220;Pago de Documento de Cobro&#8221;. Para completar el proceso, por favor sigue estos pasos:<\/p><ol><li style=\"text-align: left;\" data-start=\"728\" data-end=\"821\"><strong data-start=\"158\" data-end=\"195\">\u00a0Obtener tu documento de cobro:<\/strong><br data-start=\"195\" data-end=\"198\" \/>Si a\u00fan no cuentas con tu documento, comun\u00edcate con la Municipalidad de Fraijanes o escr\u00edbenos por WhatsApp al <strong>6644-3777<\/strong> para solicitarlo. \u00a1Es necesario para poder continuar con tu pago!<\/li><li style=\"text-align: left;\" data-start=\"728\" data-end=\"821\"><strong data-start=\"728\" data-end=\"745\">Selecciona el departamento:<\/strong><br data-start=\"745\" data-end=\"748\" \/>Selecciona <span>&#8216;<\/span><span>&#8216;<\/span><strong>Guatemala<\/strong><span>&#8216;<\/span><span>&#8216;<\/span>, como tu departamento.<\/li><li style=\"text-align: left;\" data-start=\"728\" data-end=\"821\"><strong data-start=\"826\" data-end=\"840\">Selecciona el municipio:<\/strong><br data-start=\"840\" data-end=\"843\" \/>Elige \u201c <strong>Municipalidad de Fraijanes<\/strong>\u201d como tu municipio<\/li><li style=\"text-align: left;\" data-start=\"728\" data-end=\"821\"><strong data-start=\"886\" data-end=\"919\">Ingresa tu n\u00famero de documento de cobro:<\/strong><br data-start=\"919\" data-end=\"922\" \/>Ingrese el n\u00famero exacto del documento que te brindamos.<\/li><li style=\"text-align: left;\" data-start=\"728\" data-end=\"821\"><strong>Consulta el monto a pagar:<\/strong><\/li><li style=\"text-align: left;\" data-start=\"728\" data-end=\"821\">Haz clic en el bot\u00f3n <strong data-start=\"1110\" data-end=\"1125\">&#8220;Consultar&#8221;<\/strong> para verificar el monto a pagar y continuar\u00a0con\u00a0el\u00a0proceso.<\/li><\/ol><\/div>\n\t\t\t\t<\/div>\n\t\t\t\t\t\t\t<div class=\"elementor-accordion-item\">\n\t\t\t\t\t<div id=\"elementor-tab-title-1252\" class=\"elementor-tab-title\" data-tab=\"2\" role=\"button\" aria-controls=\"elementor-tab-content-1252\" aria-expanded=\"false\">\n\t\t\t\t\t\t\t\t\t\t\t\t\t<span class=\"elementor-accordion-icon elementor-accordion-icon-left\" aria-hidden=\"true\">\n\t\t\t\t\t\t\t\t\t\t\t\t\t\t\t<span class=\"elementor-accordion-icon-closed\"><svg class=\"e-font-icon-svg e-fas-caret-square-down\" viewBox=\"0 0 448 512\" xmlns=\"http:\/\/www.w3.org\/2000\/svg\"><path d=\"M448 80v352c0 26.5-21.5 48-48 48H48c-26.5 0-48-21.5-48-48V80c0-26.5 21.5-48 48-48h352c26.5 0 48 21.5 48 48zM92.5 220.5l123 123c4.7 4.7 12.3 4.7 17 0l123-123c7.6-7.6 2.2-20.5-8.5-20.5H101c-10.7 0-16.1 12.9-8.5 20.5z\"><\/path><\/svg><\/span>\n\t\t\t\t\t\t\t\t<span class=\"elementor-accordion-icon-opened\"><svg class=\"e-font-icon-svg e-fas-caret-square-up\" viewBox=\"0 0 448 512\" xmlns=\"http:\/\/www.w3.org\/2000\/svg\"><path d=\"M0 432V80c0-26.51 21.49-48 48-48h352c26.51 0 48 21.49 48 48v352c0 26.51-21.49 48-48 48H48c-26.51 0-48-21.49-48-48zm355.515-140.485l-123.03-123.03c-4.686-4.686-12.284-4.686-16.971 0L92.485 291.515c-7.56 7.56-2.206 20.485 8.485 20.485h246.059c10.691 0 16.045-12.926 8.486-20.485z\"><\/path><\/svg><\/span>\n\t\t\t\t\t\t\t\t\t\t\t\t\t\t<\/span>\n\t\t\t\t\t\t\t\t\t\t\t\t<a class=\"elementor-accordion-title\" tabindex=\"0\">CONOCE LOS PASOS PARA TU PAGO DE BOLETO DE ORNATO<\/a>\n\t\t\t\t\t<\/div>\n\t\t\t\t\t<div id=\"elementor-tab-content-1252\" class=\"elementor-tab-content elementor-clearfix\" data-tab=\"2\" role=\"region\" aria-labelledby=\"elementor-tab-title-1252\"><p>Ser\u00e1s redirigido al formulario &#8220;Pago Boleto de Ornato&#8221;. Completa los siguientes campos:<\/p><ol><li data-start=\"1311\" data-end=\"1375\"><strong data-start=\"401\" data-end=\"437\">Verificar si necesitas tu boleto:<\/strong><br data-start=\"437\" data-end=\"440\" \/>Si no tienes tu boleto de ornato o no est\u00e1s seguro si te corresponde pagarlo, puedes consultar con la Municipalidad de Fraijanes.<br data-start=\"351\" data-end=\"354\" \/>Escr\u00edbenos por WhatsApp al<strong data-start=\"372\" data-end=\"397\"> 6644-3777\u00a0<\/strong> y te ayudamos de inmediato.<\/li><li data-start=\"1311\" data-end=\"1375\"><strong data-start=\"430\" data-end=\"456\">Elige el Departamento:<\/strong><br \/>Selecciona \u201c<strong data-start=\"471\" data-end=\"484\">Guatemala\u201d<\/strong> como tu departamento<\/li><li data-start=\"1311\" data-end=\"1375\"><strong data-start=\"514\" data-end=\"542\">Selecciona el Municipio:<\/strong><br \/>Busca y selecciona \u201c<strong data-start=\"565\" data-end=\"595\">Municipalidad de Fraijanes\u201d<\/strong> como tu municipio.<\/li><li data-start=\"1311\" data-end=\"1375\"><strong data-start=\"619\" data-end=\"641\">Ingresa tus datos:<\/strong><br \/>Escribe tus <strong data-start=\"657\" data-end=\"708\">nombres y apellidos tal como aparecen en tu DPI<\/strong>.<br data-start=\"709\" data-end=\"712\" \/>Si quieres que tu informaci\u00f3n sea m\u00e1s precisa, puedes ingresar tu <strong data-start=\"781\" data-end=\"809\">n\u00famero de DPI\u00a0<\/strong><\/li><li data-start=\"1311\" data-end=\"1375\"><strong data-start=\"815\" data-end=\"845\">Indica tu ingreso mensual:<\/strong><br \/>Selecciona el rango que mejor refleje tus ingresos.<br data-start=\"900\" data-end=\"903\" \/>El sistema calcular\u00e1 autom\u00e1ticamente el monto a pagar, incluyendo cualquier multa (si aplica).<\/li><li data-start=\"1311\" data-end=\"1375\"><strong data-start=\"1005\" data-end=\"1033\">Verifica la informaci\u00f3n:<\/strong><br \/>Antes de continuar, aseg\u00farate que todos los datos sean correctos.<\/li><\/ol><\/div>\n\t\t\t\t<\/div>\n\t\t\t\t\t\t\t\t<\/div>\n\t\t\t\t<\/div>\n\t\t\t\t<\/div>\n\t\t\t\t<\/div>\n\t\t<div class=\"elementor-element elementor-element-a7016eb e-con-full e-flex e-con e-child\" data-id=\"a7016eb\" data-element_type=\"container\">\n\t\t\t\t<div class=\"elementor-element elementor-element-243606b elementor-widget elementor-widget-html\" data-id=\"243606b\" data-element_type=\"widget\" data-widget_type=\"html.default\">\n\t\t\t\t<div class=\"elementor-widget-container\">\n\t\t\t<style>\r\n  .video-responsivo {\r\n    position: relative;\r\n    width: 100%;\r\n    max-width: 100%;\r\n    height: auto;\r\n    aspect-ratio: 9\/16;\r\n    background: #000;\r\n  }\r\n  .video-responsivo video {\r\n    width: 100%;\r\n    height: 100%;\r\n    object-fit: contain;\r\n  }\r\n<\/style>\r\n\r\n<div class=\"video-responsivo\">\r\n  <video src=\"https:\/\/munifraijanes.gob.gt\/wordpress\/wp-content\/uploads\/2025\/05\/pagos.mp4\" controls preload=\"metadata\" controlslist=\"nodownload\"><\/video>\r\n<\/div>\r\n\t\t<\/div>\n\t\t\t\t<\/div>\n\t\t\t\t<\/div>\n\t\t\t\t\t<\/div>\n\t\t\t\t<\/div>\n\t\t\t\t<\/div>\n\t\t<div class=\"elementor-element elementor-element-3825e4e e-flex e-con-boxed e-con e-parent\" data-id=\"3825e4e\" data-element_type=\"container\">\n\t\t\t\t\t<div class=\"e-con-inner\">\n\t\t\t\t<div class=\"elementor-element elementor-element-16393eb elementor-widget elementor-widget-html\" data-id=\"16393eb\" data-element_type=\"widget\" data-widget_type=\"html.default\">\n\t\t\t\t<div class=\"elementor-widget-container\">\n\t\t\t<script>\r\n  document.addEventListener('DOMContentLoaded', function() {\r\n    setTimeout(function() {\r\n      var tabs = document.querySelectorAll('.elementor-accordion .elementor-tab-title');\r\n      var contents = document.querySelectorAll('.elementor-accordion .elementor-tab-content');\r\n\r\n      tabs.forEach(function(tab) {\r\n        tab.classList.remove('elementor-active');\r\n      });\r\n\r\n      contents.forEach(function(content) {\r\n        content.style.display = 'none';\r\n      });\r\n    }, 300); \/\/ Espera 500ms para asegurarte que Elementor carg\u00f3 todo\r\n  });\r\n<\/script>\r\n\t\t<\/div>\n\t\t\t\t<\/div>\n\t\t\t\t\t<\/div>\n\t\t\t\t<\/div>\n\t\t\t\t<\/div>\n\t\t","protected":false},"excerpt":{"rendered":"<p>PAGOS EN L\u00cdNEA Por su seguridad ser\u00e1 redirigido a una p\u00e1gina externa del Ministerio de Finanzas P\u00fablicas, donde podr\u00e1 realizar su pago de manera segura y confiable. \ud83c\udfe1 IUSI \ud83d\udca7AGUA \ud83d\ude4b\ud83c\udffbBOLETO DE ORNATO CONOCE LOS PASOS PARA TU PAGO DE IUSI Y SERVICIO DE AGUA Ser\u00e1s redirigido al formulario titulado &#8220;Pago de Documento de Cobro&#8221;. [&hellip;]<\/p>\n","protected":false},"author":1,"featured_media":0,"parent":0,"menu_order":0,"comment_status":"closed","ping_status":"closed","template":"","meta":{"ub_ctt_via":"","footnotes":""},"class_list":["post-2347","page","type-page","status-publish","hentry"],"featured_image_src":null,"jetpack_sharing_enabled":true,"_links":{"self":[{"href":"https:\/\/munifraijanes.gob.gt\/wordpress\/index.php?rest_route=\/wp\/v2\/pages\/2347","targetHints":{"allow":["GET"]}}],"collection":[{"href":"https:\/\/munifraijanes.gob.gt\/wordpress\/index.php?rest_route=\/wp\/v2\/pages"}],"about":[{"href":"https:\/\/munifraijanes.gob.gt\/wordpress\/index.php?rest_route=\/wp\/v2\/types\/page"}],"author":[{"embeddable":true,"href":"https:\/\/munifraijanes.gob.gt\/wordpress\/index.php?rest_route=\/wp\/v2\/users\/1"}],"replies":[{"embeddable":true,"href":"https:\/\/munifraijanes.gob.gt\/wordpress\/index.php?rest_route=%2Fwp%2Fv2%2Fcomments&post=2347"}],"version-history":[{"count":4,"href":"https:\/\/munifraijanes.gob.gt\/wordpress\/index.php?rest_route=\/wp\/v2\/pages\/2347\/revisions"}],"predecessor-version":[{"id":2352,"href":"https:\/\/munifraijanes.gob.gt\/wordpress\/index.php?rest_route=\/wp\/v2\/pages\/2347\/revisions\/2352"}],"wp:attachment":[{"href":"https:\/\/munifraijanes.gob.gt\/wordpress\/index.php?rest_route=%2Fwp%2Fv2%2Fmedia&parent=2347"}],"curies":[{"name":"wp","href":"https:\/\/api.w.org\/{rel}","templated":true}]}}