{"id":2419,"date":"2024-02-23T23:44:23","date_gmt":"2024-02-23T23:44:23","guid":{"rendered":"https:\/\/guatepaginas.com\/f\/?page_id=2419"},"modified":"2025-02-27T22:33:03","modified_gmt":"2025-02-27T22:33:03","slug":"unidad-de-informacion","status":"publish","type":"page","link":"https:\/\/munifraijanes.gob.gt\/wordpress\/?page_id=2419","title":{"rendered":"Unidad de Informaci\u00f3n"},"content":{"rendered":"\t\t<div data-elementor-type=\"wp-page\" data-elementor-id=\"2419\" class=\"elementor elementor-2419\">\n\t\t\t\t<div class=\"elementor-element elementor-element-d90e374 e-flex e-con-boxed e-con e-parent\" data-id=\"d90e374\" data-element_type=\"container\">\n\t\t\t\t\t<div class=\"e-con-inner\">\n\t\t\t\t<div class=\"elementor-element elementor-element-64a6935 elementor-widget elementor-widget-heading\" data-id=\"64a6935\" data-element_type=\"widget\" data-widget_type=\"heading.default\">\n\t\t\t\t<div class=\"elementor-widget-container\">\n\t\t\t<style>\/*! elementor - v3.22.0 - 26-06-2024 *\/\n.elementor-heading-title{padding:0;margin:0;line-height:1}.elementor-widget-heading .elementor-heading-title[class*=elementor-size-]>a{color:inherit;font-size:inherit;line-height:inherit}.elementor-widget-heading .elementor-heading-title.elementor-size-small{font-size:15px}.elementor-widget-heading .elementor-heading-title.elementor-size-medium{font-size:19px}.elementor-widget-heading .elementor-heading-title.elementor-size-large{font-size:29px}.elementor-widget-heading .elementor-heading-title.elementor-size-xl{font-size:39px}.elementor-widget-heading .elementor-heading-title.elementor-size-xxl{font-size:59px}<\/style><h2 class=\"elementor-heading-title elementor-size-default\">Unidad de Informaci\u00f3n P\u00fablica<\/h2>\t\t<\/div>\n\t\t\t\t<\/div>\n\t\t\t\t\t<\/div>\n\t\t\t\t<\/div>\n\t\t<div class=\"elementor-element elementor-element-dead01c e-flex e-con-boxed e-con e-parent\" data-id=\"dead01c\" data-element_type=\"container\">\n\t\t\t\t\t<div class=\"e-con-inner\">\n\t\t\t\t<div class=\"elementor-element elementor-element-b55a20a elementor-widget elementor-widget-text-editor\" data-id=\"b55a20a\" data-element_type=\"widget\" data-widget_type=\"text-editor.default\">\n\t\t\t\t<div class=\"elementor-widget-container\">\n\t\t\t<style>\/*! elementor - v3.22.0 - 26-06-2024 *\/\n.elementor-widget-text-editor.elementor-drop-cap-view-stacked .elementor-drop-cap{background-color:#69727d;color:#fff}.elementor-widget-text-editor.elementor-drop-cap-view-framed .elementor-drop-cap{color:#69727d;border:3px solid;background-color:transparent}.elementor-widget-text-editor:not(.elementor-drop-cap-view-default) .elementor-drop-cap{margin-top:8px}.elementor-widget-text-editor:not(.elementor-drop-cap-view-default) .elementor-drop-cap-letter{width:1em;height:1em}.elementor-widget-text-editor .elementor-drop-cap{float:left;text-align:center;line-height:1;font-size:50px}.elementor-widget-text-editor .elementor-drop-cap-letter{display:inline-block}<\/style>\t\t\t\t<p style=\"text-align: center;\"><strong>Antecedentes<\/strong><\/p><p>La Constituci\u00f3n Pol\u00edtica de la Rep\u00fablica de Guatemala reconoce el derecho de acceso a la Informaci\u00f3n como manifestaci\u00f3n principal de un principio de publicidad de los actos de la administraci\u00f3n p\u00fablica y el derecho de petici\u00f3n. Para desarrollar estos derechos y obligaciones se aprueba en el 2008 la Ley de Acceso a la Informaci\u00f3n P\u00fablica (LAIP). En cumplimiento a este decreto la Municipalidad de Fraijanes mediante Acuerdo Municipal 38-2009, dio lugar a la creaci\u00f3n de la Unidad de Informaci\u00f3n P\u00fablica Municipal la cual hace posible cumplir el compromiso adquirido por parte del Estado de Guatemala con la transparencia y la auditoria social.<\/p><p style=\"text-align: center;\"><strong>Mandato Institucional<\/strong><\/p><p>El Mandato Institucional de la Unidad recae en el cumplimiento de las obligaciones de transparencia, en coordinaci\u00f3n y apoyo de cada una de la Direcciones, Unidades y Departamentos que conforman la Municipalidad de Fraijanes.<\/p><p style=\"text-align: center;\"><strong>Misi\u00f3n<\/strong><\/p><p>Ser el ente rector de la Municipalidad de Fraijanes responsable de dar cumplimiento al derecho humano de acceso a la informaci\u00f3n p\u00fablica, as\u00ed como orientar y promover una cultura de transparencia que contribuya al desarrollo integral de la instituci\u00f3n y colaborar en el logro de mejores condiciones de gobernabilidad democr\u00e1tica.<\/p><p style=\"text-align: center;\"><strong>Visi\u00f3n<\/strong><\/p><p>Ser la Unidad Administrativa de la Municipalidad de Fraijanes, eficiente, eficaz y respetuosa de la Ley, encargada de facilitar el cumplimiento del derecho humano de acceso a la informaci\u00f3n p\u00fablica, transparentando los actos de la administraci\u00f3n municipal y as\u00ed recuperar la confianza y credibilidad de la poblaci\u00f3n.<\/p><p style=\"text-align: center;\"><strong>Funcionamiento<\/strong><\/p><p>Para su funcionamiento, la Unidad de Acceso a la Informaci\u00f3n P\u00fablica cuenta con una oficina en la cual se proporciona a todos los interesados, en los t\u00e9rminos establecidos en la Ley, informaci\u00f3n p\u00fablica de la instituci\u00f3n, as\u00ed como la orientaci\u00f3n para la presentaci\u00f3n de las solicitudes de informaci\u00f3n, fomentando la transparencia pasiva establecida en la Ley. Por otro lado dentro de la oficina se encuentran disponibles y a la vista los archivos que contienen la informaci\u00f3n p\u00fablica de oficio actualizada, en ello los usuarios pueden realizar sus consultas de forma directa.<\/p><p>Esta Unidad tiene como objetivo facilitar a los vecinos el acceso a la informaci\u00f3n de la Municipalidad, basados en el principio de m\u00e1xima publicidad y haciendo uso de los recursos tecnol\u00f3gicos, se desarroll\u00f3 con el apoyo de la Unidad de Inform\u00e1tica Municipal el portal electr\u00f3nico sitio en el que todo ciudadano puede conocer la informaci\u00f3n de oficio, informaci\u00f3n sobre las reuniones del Consejo Municipal de Desarrollo y plantear solicitudes de informaci\u00f3n.<\/p><p style=\"text-align: center;\"><strong>Enlaces de Informaci\u00f3n P\u00fablica<\/strong><\/p><p>La Unidad cuenta con una red de ocho enlaces distribuidos en las siguientes \u00e1reas: Alcald\u00eda, Secretar\u00eda Municipal, Direcci\u00f3n de Administraci\u00f3n Financiera Municipal \u2013DAFIM-, Direcci\u00f3n Municipal de Planificaci\u00f3n \u2013DMP-, Compras y Contrataciones, Servicios P\u00fablicos, Recursos Humanos y la Unidad de Transportes. Este sistema de enlaces, ha sido implementado en virtud del funcionamiento de la Unidad y garantizar la celeridad de las respuestas de las solicitudes de informaci\u00f3n, esto tambi\u00e9n permite la actualizaci\u00f3n mensual de la informaci\u00f3n publicada en el portal electr\u00f3nico.<\/p><p>Gracias al compromiso de los empleados Municipales ha sido posible: transparentar la gesti\u00f3n municipal, proporcionar a las organizaciones civiles una herramienta de fiscalizaci\u00f3n y desarrollo, como tambi\u00e9n rendir cuentas a los vecinos, de esta forma posicionar a la Municipalidad como una entidad del Estado de Guatemala Transparente.<\/p>\t\t\t\t\t\t<\/div>\n\t\t\t\t<\/div>\n\t\t\t\t\t<\/div>\n\t\t\t\t<\/div>\n\t\t\t\t<\/div>\n\t\t","protected":false},"excerpt":{"rendered":"<p>Unidad de Informaci\u00f3n P\u00fablica Antecedentes La Constituci\u00f3n Pol\u00edtica de la Rep\u00fablica de Guatemala reconoce el derecho de acceso a la Informaci\u00f3n como manifestaci\u00f3n principal de un principio de publicidad de los actos de la administraci\u00f3n p\u00fablica y el derecho de petici\u00f3n. Para desarrollar estos derechos y obligaciones se aprueba en el 2008 la Ley de [&hellip;]<\/p>\n","protected":false},"author":1,"featured_media":0,"parent":0,"menu_order":0,"comment_status":"closed","ping_status":"closed","template":"","meta":{"ub_ctt_via":"","footnotes":""},"class_list":["post-2419","page","type-page","status-publish","hentry"],"featured_image_src":null,"jetpack_sharing_enabled":true,"_links":{"self":[{"href":"https:\/\/munifraijanes.gob.gt\/wordpress\/index.php?rest_route=\/wp\/v2\/pages\/2419","targetHints":{"allow":["GET"]}}],"collection":[{"href":"https:\/\/munifraijanes.gob.gt\/wordpress\/index.php?rest_route=\/wp\/v2\/pages"}],"about":[{"href":"https:\/\/munifraijanes.gob.gt\/wordpress\/index.php?rest_route=\/wp\/v2\/types\/page"}],"author":[{"embeddable":true,"href":"https:\/\/munifraijanes.gob.gt\/wordpress\/index.php?rest_route=\/wp\/v2\/users\/1"}],"replies":[{"embeddable":true,"href":"https:\/\/munifraijanes.gob.gt\/wordpress\/index.php?rest_route=%2Fwp%2Fv2%2Fcomments&post=2419"}],"version-history":[{"count":28,"href":"https:\/\/munifraijanes.gob.gt\/wordpress\/index.php?rest_route=\/wp\/v2\/pages\/2419\/revisions"}],"predecessor-version":[{"id":7504,"href":"https:\/\/munifraijanes.gob.gt\/wordpress\/index.php?rest_route=\/wp\/v2\/pages\/2419\/revisions\/7504"}],"wp:attachment":[{"href":"https:\/\/munifraijanes.gob.gt\/wordpress\/index.php?rest_route=%2Fwp%2Fv2%2Fmedia&parent=2419"}],"curies":[{"name":"wp","href":"https:\/\/api.w.org\/{rel}","templated":true}]}}