{"id":2433,"date":"2024-02-25T17:34:18","date_gmt":"2024-02-25T17:34:18","guid":{"rendered":"https:\/\/guatepaginas.com\/f\/?page_id=2433"},"modified":"2025-10-15T20:49:03","modified_gmt":"2025-10-15T20:49:03","slug":"formulario-en-linea-2","status":"publish","type":"page","link":"https:\/\/munifraijanes.gob.gt\/wordpress\/?page_id=2433","title":{"rendered":"Solicitud en L\u00ednea"},"content":{"rendered":"\t\t<div data-elementor-type=\"wp-page\" data-elementor-id=\"2433\" class=\"elementor elementor-2433\">\n\t\t\t\t<div class=\"elementor-element elementor-element-72969c2 e-flex e-con-boxed e-con e-parent\" data-id=\"72969c2\" data-element_type=\"container\">\n\t\t\t\t\t<div class=\"e-con-inner\">\n\t\t\t\t<div class=\"elementor-element elementor-element-e9b1faa elementor-widget elementor-widget-heading\" data-id=\"e9b1faa\" data-element_type=\"widget\" data-widget_type=\"heading.default\">\n\t\t\t\t<div class=\"elementor-widget-container\">\n\t\t\t<style>\/*! elementor - v3.22.0 - 26-06-2024 *\/\n.elementor-heading-title{padding:0;margin:0;line-height:1}.elementor-widget-heading .elementor-heading-title[class*=elementor-size-]>a{color:inherit;font-size:inherit;line-height:inherit}.elementor-widget-heading .elementor-heading-title.elementor-size-small{font-size:15px}.elementor-widget-heading .elementor-heading-title.elementor-size-medium{font-size:19px}.elementor-widget-heading .elementor-heading-title.elementor-size-large{font-size:29px}.elementor-widget-heading .elementor-heading-title.elementor-size-xl{font-size:39px}.elementor-widget-heading .elementor-heading-title.elementor-size-xxl{font-size:59px}<\/style><h2 class=\"elementor-heading-title elementor-size-default\">Solicitud en l\u00ednea<\/h2>\t\t<\/div>\n\t\t\t\t<\/div>\n\t\t\t\t\t<\/div>\n\t\t\t\t<\/div>\n\t\t<div class=\"elementor-element elementor-element-e909208 e-flex e-con-boxed e-con e-parent\" data-id=\"e909208\" data-element_type=\"container\">\n\t\t\t\t\t<div class=\"e-con-inner\">\n\t\t\t\t<div class=\"elementor-element elementor-element-1bc543ef elementor-widget elementor-widget-text-editor\" data-id=\"1bc543ef\" data-element_type=\"widget\" data-widget_type=\"text-editor.default\">\n\t\t\t\t<div class=\"elementor-widget-container\">\n\t\t\t<style>\/*! elementor - v3.22.0 - 26-06-2024 *\/\n.elementor-widget-text-editor.elementor-drop-cap-view-stacked .elementor-drop-cap{background-color:#69727d;color:#fff}.elementor-widget-text-editor.elementor-drop-cap-view-framed .elementor-drop-cap{color:#69727d;border:3px solid;background-color:transparent}.elementor-widget-text-editor:not(.elementor-drop-cap-view-default) .elementor-drop-cap{margin-top:8px}.elementor-widget-text-editor:not(.elementor-drop-cap-view-default) .elementor-drop-cap-letter{width:1em;height:1em}.elementor-widget-text-editor .elementor-drop-cap{float:left;text-align:center;line-height:1;font-size:50px}.elementor-widget-text-editor .elementor-drop-cap-letter{display:inline-block}<\/style>\t\t\t\t<p><!-- wp:paragraph --><\/p>\n<p><!-- \/wp:paragraph --><!-- wp:paragraph --><\/p>\n<p>Agradecemos su comunicaci\u00f3n a esta Unidad de Acceso a la Informaci\u00f3n P\u00fablica de la Municipalidad de Fraijanes.<\/p>\n<p><!-- \/wp:paragraph --><!-- wp:paragraph --><\/p>\n<p>Hacemos de su conocimiento que lo solicitado a esta Unidad, iniciar\u00e1 con un proceso de tr\u00e1mites administrativos internos. La ley establece un plazo de hasta 10 d\u00edas h\u00e1biles para dar respuesta. As\u00ed mismo, hacemos de su conocimiento que para cualquier duda o consulta, nos ponemos a sus \u00f3rdenes al&nbsp;<strong>PBX: 6644-3750<\/strong><\/p><p><b>Nota: Enviar un formulario por cada solicitud.<\/b><\/p>\n<p><!-- \/wp:paragraph --><!-- wp:paragraph --><\/p>\n<p><!-- \/wp:paragraph --><\/p>\t\t\t\t\t\t<\/div>\n\t\t\t\t<\/div>\n\t\t\t\t\t<\/div>\n\t\t\t\t<\/div>\n\t\t<div class=\"elementor-element elementor-element-140894d e-flex e-con-boxed e-con e-parent\" data-id=\"140894d\" data-element_type=\"container\">\n\t\t\t\t\t<div class=\"e-con-inner\">\n\t\t\t\t<div class=\"elementor-element elementor-element-26c674c elementor-widget__width-initial elementor-widget elementor-widget-wpforms\" data-id=\"26c674c\" data-element_type=\"widget\" data-widget_type=\"wpforms.default\">\n\t\t\t\t<div class=\"elementor-widget-container\">\n\t\t\t<style id=\"wpforms-css-vars-elementor-widget-26c674c\">\n\t\t\t\t.elementor-widget-wpforms.elementor-element-26c674c {\n\t\t\t\t--wpforms-field-size-input-height: 43px;\n--wpforms-field-size-input-spacing: 15px;\n--wpforms-field-size-font-size: 16px;\n--wpforms-field-size-line-height: 19px;\n--wpforms-field-size-padding-h: 14px;\n--wpforms-field-size-checkbox-size: 16px;\n--wpforms-field-size-sublabel-spacing: 5px;\n--wpforms-field-size-icon-size: 1;\n--wpforms-label-size-font-size: 16px;\n--wpforms-label-size-line-height: 19px;\n--wpforms-label-size-sublabel-font-size: 14px;\n--wpforms-label-size-sublabel-line-height: 17px;\n--wpforms-button-size-font-size: 17px;\n--wpforms-button-size-height: 41px;\n--wpforms-button-size-padding-h: 15px;\n--wpforms-button-size-margin-top: 10px;\n\n\t\t\t}\n\t\t\t<\/style>\t\t<\/div>\n\t\t\t\t<\/div>\n\t\t\t\t\t<\/div>\n\t\t\t\t<\/div>\n\t\t\t\t<\/div>\n\t\t","protected":false},"excerpt":{"rendered":"<p>Solicitud en l\u00ednea Agradecemos su comunicaci\u00f3n a esta Unidad de Acceso a la Informaci\u00f3n P\u00fablica de la Municipalidad de Fraijanes. Hacemos de su conocimiento que lo solicitado a esta Unidad, iniciar\u00e1 con un proceso de tr\u00e1mites administrativos internos. La ley establece un plazo de hasta 10 d\u00edas h\u00e1biles para dar respuesta. As\u00ed mismo, hacemos de [&hellip;]<\/p>\n","protected":false},"author":1,"featured_media":0,"parent":0,"menu_order":0,"comment_status":"closed","ping_status":"closed","template":"","meta":{"ub_ctt_via":"","footnotes":""},"class_list":["post-2433","page","type-page","status-publish","hentry"],"featured_image_src":null,"jetpack_sharing_enabled":true,"_links":{"self":[{"href":"https:\/\/munifraijanes.gob.gt\/wordpress\/index.php?rest_route=\/wp\/v2\/pages\/2433","targetHints":{"allow":["GET"]}}],"collection":[{"href":"https:\/\/munifraijanes.gob.gt\/wordpress\/index.php?rest_route=\/wp\/v2\/pages"}],"about":[{"href":"https:\/\/munifraijanes.gob.gt\/wordpress\/index.php?rest_route=\/wp\/v2\/types\/page"}],"author":[{"embeddable":true,"href":"https:\/\/munifraijanes.gob.gt\/wordpress\/index.php?rest_route=\/wp\/v2\/users\/1"}],"replies":[{"embeddable":true,"href":"https:\/\/munifraijanes.gob.gt\/wordpress\/index.php?rest_route=%2Fwp%2Fv2%2Fcomments&post=2433"}],"version-history":[{"count":23,"href":"https:\/\/munifraijanes.gob.gt\/wordpress\/index.php?rest_route=\/wp\/v2\/pages\/2433\/revisions"}],"predecessor-version":[{"id":7498,"href":"https:\/\/munifraijanes.gob.gt\/wordpress\/index.php?rest_route=\/wp\/v2\/pages\/2433\/revisions\/7498"}],"wp:attachment":[{"href":"https:\/\/munifraijanes.gob.gt\/wordpress\/index.php?rest_route=%2Fwp%2Fv2%2Fmedia&parent=2433"}],"curies":[{"name":"wp","href":"https:\/\/api.w.org\/{rel}","templated":true}]}}