{"id":2842,"date":"2024-03-18T06:32:41","date_gmt":"2024-03-18T06:32:41","guid":{"rendered":"https:\/\/guatepaginas.com\/f\/?page_id=2842"},"modified":"2025-03-17T20:51:07","modified_gmt":"2025-03-17T20:51:07","slug":"manual-de-procedimiento-2022","status":"publish","type":"page","link":"https:\/\/munifraijanes.gob.gt\/wordpress\/?page_id=2842","title":{"rendered":"Manual de Procedimiento 2022"},"content":{"rendered":"\t\t<div data-elementor-type=\"wp-page\" data-elementor-id=\"2842\" class=\"elementor elementor-2842\">\n\t\t\t\t<div class=\"elementor-element elementor-element-9dccf88 e-flex e-con-boxed e-con e-parent\" data-id=\"9dccf88\" data-element_type=\"container\">\n\t\t\t\t\t<div class=\"e-con-inner\">\n\t\t<div class=\"elementor-element elementor-element-48c1d22 e-con-full e-flex e-con e-child\" data-id=\"48c1d22\" data-element_type=\"container\">\n\t\t\t\t<div class=\"elementor-element elementor-element-42e41f2 elementor-widget-image-box wgl-image-box elementor-widget elementor-widget-wgl-services-2\" data-id=\"42e41f2\" data-element_type=\"widget\" data-widget_type=\"wgl-services-2.default\">\n\t\t\t\t<div class=\"elementor-widget-container\">\n\t\t\t        <div class=\"wgl-services-2\">\n            <div class=\"wgl-services_wrap\">                <div class=\"wgl-services_media-wrap\">\n                    <div class=\"wgl-services_circle-wrapper\" style=\"width: 71px; height: 71px; left: 14.5px; top: 14.5px;\"><div class=\"wgl-services_circle\"><\/div><\/div>\n                    <div class=\"wgl-services_circle-wrapper\" style=\"width: 71px; height: 71px; left: 14.5px; top: 14.5px;\"><div class=\"wgl-services_circle\"><\/div><\/div><div class=\"wgl-widget_wrapper elementor-image-box-img\"><div class=\"wgl-widget_container\"><div class=\"wgl-image-box_img\"><span ><img fetchpriority=\"high\" decoding=\"async\" width=\"512\" height=\"512\" src=\"https:\/\/munifraijanes.gob.gt\/wordpress\/wp-content\/uploads\/2024\/02\/pdf-1.png\" class=\"attachment-full size-full wp-image-2542\" alt=\"\" srcset=\"https:\/\/munifraijanes.gob.gt\/wordpress\/wp-content\/uploads\/2024\/02\/pdf-1.png 512w, https:\/\/munifraijanes.gob.gt\/wordpress\/wp-content\/uploads\/2024\/02\/pdf-1-300x300.png 300w, https:\/\/munifraijanes.gob.gt\/wordpress\/wp-content\/uploads\/2024\/02\/pdf-1-150x150.png 150w, https:\/\/munifraijanes.gob.gt\/wordpress\/wp-content\/uploads\/2024\/02\/pdf-1-440x440.png 440w, https:\/\/munifraijanes.gob.gt\/wordpress\/wp-content\/uploads\/2024\/02\/pdf-1-180x180.png 180w, https:\/\/munifraijanes.gob.gt\/wordpress\/wp-content\/uploads\/2024\/02\/pdf-1-120x120.png 120w\" sizes=\"(max-width: 512px) 100vw, 512px\" \/><\/span><\/div><\/div><\/div>                <\/div>                <div class=\"wgl-services_content-wrap\">\n                    <h3 class=\"wgl-services_title\">A\u00d1O 2020<\/h3>                <\/div>                    <a class=\"wgl-services_item-link\"><\/a>            <\/div>\n        <\/div>\n\n        \t\t<\/div>\n\t\t\t\t<\/div>\n\t\t\t\t<\/div>\n\t\t<div class=\"elementor-element elementor-element-b613837 e-con-full e-flex e-con e-child\" data-id=\"b613837\" data-element_type=\"container\">\n\t\t\t\t<div class=\"elementor-element elementor-element-cbf9827 elementor-widget-image-box wgl-image-box elementor-widget elementor-widget-wgl-services-2\" data-id=\"cbf9827\" data-element_type=\"widget\" data-widget_type=\"wgl-services-2.default\">\n\t\t\t\t<div class=\"elementor-widget-container\">\n\t\t\t        <div class=\"wgl-services-2\">\n            <div class=\"wgl-services_wrap\">                <div class=\"wgl-services_media-wrap\">\n                    <div class=\"wgl-services_circle-wrapper\" style=\"width: 71px; height: 71px; left: 14.5px; top: 14.5px;\"><div class=\"wgl-services_circle\"><\/div><\/div>\n                    <div class=\"wgl-services_circle-wrapper\" style=\"width: 71px; height: 71px; left: 14.5px; top: 14.5px;\"><div class=\"wgl-services_circle\"><\/div><\/div><div class=\"wgl-widget_wrapper elementor-image-box-img\"><div class=\"wgl-widget_container\"><div class=\"wgl-image-box_img\"><span ><img fetchpriority=\"high\" decoding=\"async\" width=\"512\" height=\"512\" src=\"https:\/\/munifraijanes.gob.gt\/wordpress\/wp-content\/uploads\/2024\/02\/pdf-1.png\" class=\"attachment-full size-full wp-image-2542\" alt=\"\" srcset=\"https:\/\/munifraijanes.gob.gt\/wordpress\/wp-content\/uploads\/2024\/02\/pdf-1.png 512w, https:\/\/munifraijanes.gob.gt\/wordpress\/wp-content\/uploads\/2024\/02\/pdf-1-300x300.png 300w, https:\/\/munifraijanes.gob.gt\/wordpress\/wp-content\/uploads\/2024\/02\/pdf-1-150x150.png 150w, https:\/\/munifraijanes.gob.gt\/wordpress\/wp-content\/uploads\/2024\/02\/pdf-1-440x440.png 440w, https:\/\/munifraijanes.gob.gt\/wordpress\/wp-content\/uploads\/2024\/02\/pdf-1-180x180.png 180w, https:\/\/munifraijanes.gob.gt\/wordpress\/wp-content\/uploads\/2024\/02\/pdf-1-120x120.png 120w\" sizes=\"(max-width: 512px) 100vw, 512px\" \/><\/span><\/div><\/div><\/div>                <\/div>                <div class=\"wgl-services_content-wrap\">\n                    <h3 class=\"wgl-services_title\">A\u00d1O 2021<\/h3>                <\/div>                    <a class=\"wgl-services_item-link\"><\/a>            <\/div>\n        <\/div>\n\n        \t\t<\/div>\n\t\t\t\t<\/div>\n\t\t\t\t<\/div>\n\t\t<div class=\"elementor-element elementor-element-0f3fd0e e-con-full e-flex e-con e-child\" data-id=\"0f3fd0e\" data-element_type=\"container\">\n\t\t\t\t<div class=\"elementor-element elementor-element-76c8bf6 elementor-widget-image-box wgl-image-box elementor-widget elementor-widget-wgl-services-2\" data-id=\"76c8bf6\" data-element_type=\"widget\" data-widget_type=\"wgl-services-2.default\">\n\t\t\t\t<div class=\"elementor-widget-container\">\n\t\t\t        <div class=\"wgl-services-2\">\n            <div class=\"wgl-services_wrap\">                <div class=\"wgl-services_media-wrap\">\n                    <div class=\"wgl-services_circle-wrapper\" style=\"width: 71px; height: 71px; left: 14.5px; top: 14.5px;\"><div class=\"wgl-services_circle\"><\/div><\/div>\n                    <div class=\"wgl-services_circle-wrapper\" style=\"width: 71px; height: 71px; left: 14.5px; top: 14.5px;\"><div class=\"wgl-services_circle\"><\/div><\/div><div class=\"wgl-widget_wrapper elementor-image-box-img\"><div class=\"wgl-widget_container\"><div class=\"wgl-image-box_img\"><span ><img fetchpriority=\"high\" decoding=\"async\" width=\"512\" height=\"512\" src=\"https:\/\/munifraijanes.gob.gt\/wordpress\/wp-content\/uploads\/2024\/02\/pdf-1.png\" class=\"attachment-full size-full wp-image-2542\" alt=\"\" srcset=\"https:\/\/munifraijanes.gob.gt\/wordpress\/wp-content\/uploads\/2024\/02\/pdf-1.png 512w, https:\/\/munifraijanes.gob.gt\/wordpress\/wp-content\/uploads\/2024\/02\/pdf-1-300x300.png 300w, https:\/\/munifraijanes.gob.gt\/wordpress\/wp-content\/uploads\/2024\/02\/pdf-1-150x150.png 150w, https:\/\/munifraijanes.gob.gt\/wordpress\/wp-content\/uploads\/2024\/02\/pdf-1-440x440.png 440w, https:\/\/munifraijanes.gob.gt\/wordpress\/wp-content\/uploads\/2024\/02\/pdf-1-180x180.png 180w, https:\/\/munifraijanes.gob.gt\/wordpress\/wp-content\/uploads\/2024\/02\/pdf-1-120x120.png 120w\" sizes=\"(max-width: 512px) 100vw, 512px\" \/><\/span><\/div><\/div><\/div>                <\/div>                <div class=\"wgl-services_content-wrap\">\n                    <h3 class=\"wgl-services_title\">A\u00d1O 2022<\/h3>                <\/div>                    <a class=\"wgl-services_item-link\"><\/a>            <\/div>\n        <\/div>\n\n        \t\t<\/div>\n\t\t\t\t<\/div>\n\t\t\t\t<\/div>\n\t\t<div class=\"elementor-element elementor-element-94687dd e-con-full e-flex e-con e-child\" data-id=\"94687dd\" data-element_type=\"container\">\n\t\t\t\t<div class=\"elementor-element elementor-element-07c36fc elementor-widget-image-box wgl-image-box elementor-widget elementor-widget-wgl-services-2\" data-id=\"07c36fc\" data-element_type=\"widget\" data-widget_type=\"wgl-services-2.default\">\n\t\t\t\t<div class=\"elementor-widget-container\">\n\t\t\t        <div class=\"wgl-services-2\">\n            <div class=\"wgl-services_wrap\">                <div class=\"wgl-services_media-wrap\">\n                    <div class=\"wgl-services_circle-wrapper\" style=\"width: 71px; height: 71px; left: 14.5px; top: 14.5px;\"><div class=\"wgl-services_circle\"><\/div><\/div>\n                    <div class=\"wgl-services_circle-wrapper\" style=\"width: 71px; height: 71px; left: 14.5px; top: 14.5px;\"><div class=\"wgl-services_circle\"><\/div><\/div><div class=\"wgl-widget_wrapper elementor-image-box-img\"><div class=\"wgl-widget_container\"><div class=\"wgl-image-box_img\"><span ><img fetchpriority=\"high\" decoding=\"async\" width=\"512\" height=\"512\" src=\"https:\/\/munifraijanes.gob.gt\/wordpress\/wp-content\/uploads\/2024\/02\/pdf-1.png\" class=\"attachment-full size-full wp-image-2542\" alt=\"\" srcset=\"https:\/\/munifraijanes.gob.gt\/wordpress\/wp-content\/uploads\/2024\/02\/pdf-1.png 512w, https:\/\/munifraijanes.gob.gt\/wordpress\/wp-content\/uploads\/2024\/02\/pdf-1-300x300.png 300w, https:\/\/munifraijanes.gob.gt\/wordpress\/wp-content\/uploads\/2024\/02\/pdf-1-150x150.png 150w, https:\/\/munifraijanes.gob.gt\/wordpress\/wp-content\/uploads\/2024\/02\/pdf-1-440x440.png 440w, https:\/\/munifraijanes.gob.gt\/wordpress\/wp-content\/uploads\/2024\/02\/pdf-1-180x180.png 180w, https:\/\/munifraijanes.gob.gt\/wordpress\/wp-content\/uploads\/2024\/02\/pdf-1-120x120.png 120w\" sizes=\"(max-width: 512px) 100vw, 512px\" \/><\/span><\/div><\/div><\/div>                <\/div>                <div class=\"wgl-services_content-wrap\">\n                    <h3 class=\"wgl-services_title\">A\u00d1O 2023<\/h3>                <\/div>                    <a class=\"wgl-services_item-link\"><\/a>            <\/div>\n        <\/div>\n\n        \t\t<\/div>\n\t\t\t\t<\/div>\n\t\t\t\t<\/div>\n\t\t\t\t\t<\/div>\n\t\t\t\t<\/div>\n\t\t<div class=\"elementor-element elementor-element-37f65aa e-flex e-con-boxed e-con e-parent\" data-id=\"37f65aa\" data-element_type=\"container\">\n\t\t\t\t\t<div class=\"e-con-inner\">\n\t\t<div class=\"elementor-element elementor-element-7e0b545 e-con-full e-flex e-con e-child\" data-id=\"7e0b545\" data-element_type=\"container\">\n\t\t\t\t<div class=\"elementor-element elementor-element-990da7a elementor-widget-image-box wgl-image-box elementor-widget elementor-widget-wgl-services-2\" data-id=\"990da7a\" data-element_type=\"widget\" data-widget_type=\"wgl-services-2.default\">\n\t\t\t\t<div class=\"elementor-widget-container\">\n\t\t\t        <div class=\"wgl-services-2\">\n            <div class=\"wgl-services_wrap\">                <div class=\"wgl-services_media-wrap\">\n                    <div class=\"wgl-services_circle-wrapper\" style=\"width: 71px; height: 71px; left: 14.5px; top: 14.5px;\"><div class=\"wgl-services_circle\"><\/div><\/div>\n                    <div class=\"wgl-services_circle-wrapper\" style=\"width: 71px; height: 71px; left: 14.5px; top: 14.5px;\"><div class=\"wgl-services_circle\"><\/div><\/div><div class=\"wgl-widget_wrapper elementor-image-box-img\"><div class=\"wgl-widget_container\"><div class=\"wgl-image-box_img\"><span ><img fetchpriority=\"high\" decoding=\"async\" width=\"512\" height=\"512\" src=\"https:\/\/munifraijanes.gob.gt\/wordpress\/wp-content\/uploads\/2024\/02\/pdf-1.png\" class=\"attachment-full size-full wp-image-2542\" alt=\"\" srcset=\"https:\/\/munifraijanes.gob.gt\/wordpress\/wp-content\/uploads\/2024\/02\/pdf-1.png 512w, https:\/\/munifraijanes.gob.gt\/wordpress\/wp-content\/uploads\/2024\/02\/pdf-1-300x300.png 300w, https:\/\/munifraijanes.gob.gt\/wordpress\/wp-content\/uploads\/2024\/02\/pdf-1-150x150.png 150w, https:\/\/munifraijanes.gob.gt\/wordpress\/wp-content\/uploads\/2024\/02\/pdf-1-440x440.png 440w, https:\/\/munifraijanes.gob.gt\/wordpress\/wp-content\/uploads\/2024\/02\/pdf-1-180x180.png 180w, https:\/\/munifraijanes.gob.gt\/wordpress\/wp-content\/uploads\/2024\/02\/pdf-1-120x120.png 120w\" sizes=\"(max-width: 512px) 100vw, 512px\" \/><\/span><\/div><\/div><\/div>                <\/div>                <div class=\"wgl-services_content-wrap\">\n                    <h3 class=\"wgl-services_title\">A\u00d1O 2024<\/h3>                        <div class=\"wgl-services_text\"><p><\/p><\/div>                <\/div>                    <a class=\"wgl-services_item-link\"><\/a>            <\/div>\n        <\/div>\n\n        \t\t<\/div>\n\t\t\t\t<\/div>\n\t\t\t\t<\/div>\n\t\t<div class=\"elementor-element elementor-element-fd24bc3 e-con-full e-flex e-con e-child\" data-id=\"fd24bc3\" data-element_type=\"container\">\n\t\t\t\t<\/div>\n\t\t<div class=\"elementor-element elementor-element-580ae07 e-con-full e-flex e-con e-child\" data-id=\"580ae07\" data-element_type=\"container\">\n\t\t\t\t<\/div>\n\t\t<div class=\"elementor-element elementor-element-b10a942 e-con-full e-flex e-con e-child\" data-id=\"b10a942\" data-element_type=\"container\">\n\t\t\t\t<\/div>\n\t\t\t\t\t<\/div>\n\t\t\t\t<\/div>\n\t\t\t\t<\/div>\n\t\t","protected":false},"excerpt":{"rendered":"<p>A\u00d1O 2020 A\u00d1O 2021 A\u00d1O 2022 A\u00d1O 2023 A\u00d1O 2024<\/p>\n","protected":false},"author":1,"featured_media":0,"parent":0,"menu_order":0,"comment_status":"closed","ping_status":"closed","template":"","meta":{"ub_ctt_via":"","footnotes":""},"class_list":["post-2842","page","type-page","status-publish","hentry"],"featured_image_src":null,"jetpack_sharing_enabled":true,"_links":{"self":[{"href":"https:\/\/munifraijanes.gob.gt\/wordpress\/index.php?rest_route=\/wp\/v2\/pages\/2842","targetHints":{"allow":["GET"]}}],"collection":[{"href":"https:\/\/munifraijanes.gob.gt\/wordpress\/index.php?rest_route=\/wp\/v2\/pages"}],"about":[{"href":"https:\/\/munifraijanes.gob.gt\/wordpress\/index.php?rest_route=\/wp\/v2\/types\/page"}],"author":[{"embeddable":true,"href":"https:\/\/munifraijanes.gob.gt\/wordpress\/index.php?rest_route=\/wp\/v2\/users\/1"}],"replies":[{"embeddable":true,"href":"https:\/\/munifraijanes.gob.gt\/wordpress\/index.php?rest_route=%2Fwp%2Fv2%2Fcomments&post=2842"}],"version-history":[{"count":4,"href":"https:\/\/munifraijanes.gob.gt\/wordpress\/index.php?rest_route=\/wp\/v2\/pages\/2842\/revisions"}],"predecessor-version":[{"id":2846,"href":"https:\/\/munifraijanes.gob.gt\/wordpress\/index.php?rest_route=\/wp\/v2\/pages\/2842\/revisions\/2846"}],"wp:attachment":[{"href":"https:\/\/munifraijanes.gob.gt\/wordpress\/index.php?rest_route=%2Fwp%2Fv2%2Fmedia&parent=2842"}],"curies":[{"name":"wp","href":"https:\/\/api.w.org\/{rel}","templated":true}]}}