{"id":3161,"date":"2024-03-18T17:35:32","date_gmt":"2024-03-18T17:35:32","guid":{"rendered":"https:\/\/guatepaginas.com\/f\/?page_id=3161"},"modified":"2026-02-26T23:24:57","modified_gmt":"2026-02-26T23:24:57","slug":"obras-con-fondos-publicos","status":"publish","type":"page","link":"https:\/\/munifraijanes.gob.gt\/wordpress\/?page_id=3161","title":{"rendered":"Obras con Fondos P\u00fablicos"},"content":{"rendered":"\t\t<div data-elementor-type=\"wp-page\" data-elementor-id=\"3161\" class=\"elementor elementor-3161\">\n\t\t\t\t<div class=\"elementor-element elementor-element-b242a93 e-flex e-con-boxed e-con e-parent\" data-id=\"b242a93\" data-element_type=\"container\">\n\t\t\t\t\t<div class=\"e-con-inner\">\n\t\t<div class=\"elementor-element elementor-element-3bcd7ef e-con-full e-flex e-con e-child\" data-id=\"3bcd7ef\" data-element_type=\"container\">\n\t\t\t\t<div class=\"elementor-element elementor-element-e653479 elementor-widget-image-box wgl-image-box elementor-widget elementor-widget-wgl-services-2\" data-id=\"e653479\" data-element_type=\"widget\" data-widget_type=\"wgl-services-2.default\">\n\t\t\t\t<div class=\"elementor-widget-container\">\n\t\t\t        <div class=\"wgl-services-2\">\n            <div class=\"wgl-services_wrap\">                <div class=\"wgl-services_media-wrap\">\n                    <div class=\"wgl-services_circle-wrapper\" style=\"width: 71px; height: 71px; left: 14.5px; top: 14.5px;\"><div class=\"wgl-services_circle\"><\/div><\/div>\n                    <div class=\"wgl-services_circle-wrapper\" style=\"width: 71px; height: 71px; left: 14.5px; top: 14.5px;\"><div class=\"wgl-services_circle\"><\/div><\/div><div class=\"wgl-widget_wrapper elementor-image-box-img\"><div class=\"wgl-widget_container\"><div class=\"wgl-image-box_img\"><span ><img fetchpriority=\"high\" decoding=\"async\" width=\"512\" height=\"512\" src=\"https:\/\/munifraijanes.gob.gt\/wordpress\/wp-content\/uploads\/2024\/02\/carpeta.png\" class=\"attachment-full size-full wp-image-2562\" alt=\"\" srcset=\"https:\/\/munifraijanes.gob.gt\/wordpress\/wp-content\/uploads\/2024\/02\/carpeta.png 512w, https:\/\/munifraijanes.gob.gt\/wordpress\/wp-content\/uploads\/2024\/02\/carpeta-300x300.png 300w, https:\/\/munifraijanes.gob.gt\/wordpress\/wp-content\/uploads\/2024\/02\/carpeta-150x150.png 150w, https:\/\/munifraijanes.gob.gt\/wordpress\/wp-content\/uploads\/2024\/02\/carpeta-440x440.png 440w, https:\/\/munifraijanes.gob.gt\/wordpress\/wp-content\/uploads\/2024\/02\/carpeta-180x180.png 180w, https:\/\/munifraijanes.gob.gt\/wordpress\/wp-content\/uploads\/2024\/02\/carpeta-120x120.png 120w\" sizes=\"(max-width: 512px) 100vw, 512px\" \/><\/span><\/div><\/div><\/div>                <\/div>                <div class=\"wgl-services_content-wrap\">\n                    <h3 class=\"wgl-services_title\">A\u00d1O 2020<\/h3>                <\/div>                    <a class=\"wgl-services_item-link\" href=\"#\"><\/a>            <\/div>\n        <\/div>\n\n        \t\t<\/div>\n\t\t\t\t<\/div>\n\t\t\t\t<\/div>\n\t\t<div class=\"elementor-element elementor-element-4e08f78 e-con-full e-flex e-con e-child\" data-id=\"4e08f78\" data-element_type=\"container\">\n\t\t\t\t<div class=\"elementor-element elementor-element-51e239d elementor-widget-image-box wgl-image-box elementor-widget elementor-widget-wgl-services-2\" data-id=\"51e239d\" data-element_type=\"widget\" data-widget_type=\"wgl-services-2.default\">\n\t\t\t\t<div class=\"elementor-widget-container\">\n\t\t\t        <div class=\"wgl-services-2\">\n            <div class=\"wgl-services_wrap\">                <div class=\"wgl-services_media-wrap\">\n                    <div class=\"wgl-services_circle-wrapper\" style=\"width: 71px; height: 71px; left: 14.5px; top: 14.5px;\"><div class=\"wgl-services_circle\"><\/div><\/div>\n                    <div class=\"wgl-services_circle-wrapper\" style=\"width: 71px; height: 71px; left: 14.5px; top: 14.5px;\"><div class=\"wgl-services_circle\"><\/div><\/div><div class=\"wgl-widget_wrapper elementor-image-box-img\"><div class=\"wgl-widget_container\"><div class=\"wgl-image-box_img\"><span ><img fetchpriority=\"high\" decoding=\"async\" width=\"512\" height=\"512\" src=\"https:\/\/munifraijanes.gob.gt\/wordpress\/wp-content\/uploads\/2024\/02\/carpeta.png\" class=\"attachment-full size-full wp-image-2562\" alt=\"\" srcset=\"https:\/\/munifraijanes.gob.gt\/wordpress\/wp-content\/uploads\/2024\/02\/carpeta.png 512w, https:\/\/munifraijanes.gob.gt\/wordpress\/wp-content\/uploads\/2024\/02\/carpeta-300x300.png 300w, https:\/\/munifraijanes.gob.gt\/wordpress\/wp-content\/uploads\/2024\/02\/carpeta-150x150.png 150w, https:\/\/munifraijanes.gob.gt\/wordpress\/wp-content\/uploads\/2024\/02\/carpeta-440x440.png 440w, https:\/\/munifraijanes.gob.gt\/wordpress\/wp-content\/uploads\/2024\/02\/carpeta-180x180.png 180w, https:\/\/munifraijanes.gob.gt\/wordpress\/wp-content\/uploads\/2024\/02\/carpeta-120x120.png 120w\" sizes=\"(max-width: 512px) 100vw, 512px\" \/><\/span><\/div><\/div><\/div>                <\/div>                <div class=\"wgl-services_content-wrap\">\n                    <h3 class=\"wgl-services_title\">A\u00d1O 2021<\/h3>                <\/div>                    <a class=\"wgl-services_item-link\" href=\"#\"><\/a>            <\/div>\n        <\/div>\n\n        \t\t<\/div>\n\t\t\t\t<\/div>\n\t\t\t\t<\/div>\n\t\t<div class=\"elementor-element elementor-element-e88b273 e-con-full e-flex e-con e-child\" data-id=\"e88b273\" data-element_type=\"container\">\n\t\t\t\t<div class=\"elementor-element elementor-element-5959f89 elementor-widget-image-box wgl-image-box elementor-widget elementor-widget-wgl-services-2\" data-id=\"5959f89\" data-element_type=\"widget\" data-widget_type=\"wgl-services-2.default\">\n\t\t\t\t<div class=\"elementor-widget-container\">\n\t\t\t        <div class=\"wgl-services-2\">\n            <div class=\"wgl-services_wrap\">                <div class=\"wgl-services_media-wrap\">\n                    <div class=\"wgl-services_circle-wrapper\" style=\"width: 71px; height: 71px; left: 14.5px; top: 14.5px;\"><div class=\"wgl-services_circle\"><\/div><\/div>\n                    <div class=\"wgl-services_circle-wrapper\" style=\"width: 71px; height: 71px; left: 14.5px; top: 14.5px;\"><div class=\"wgl-services_circle\"><\/div><\/div><div class=\"wgl-widget_wrapper elementor-image-box-img\"><div class=\"wgl-widget_container\"><div class=\"wgl-image-box_img\"><span ><img fetchpriority=\"high\" decoding=\"async\" width=\"512\" height=\"512\" src=\"https:\/\/munifraijanes.gob.gt\/wordpress\/wp-content\/uploads\/2024\/02\/carpeta.png\" class=\"attachment-full size-full wp-image-2562\" alt=\"\" srcset=\"https:\/\/munifraijanes.gob.gt\/wordpress\/wp-content\/uploads\/2024\/02\/carpeta.png 512w, https:\/\/munifraijanes.gob.gt\/wordpress\/wp-content\/uploads\/2024\/02\/carpeta-300x300.png 300w, https:\/\/munifraijanes.gob.gt\/wordpress\/wp-content\/uploads\/2024\/02\/carpeta-150x150.png 150w, https:\/\/munifraijanes.gob.gt\/wordpress\/wp-content\/uploads\/2024\/02\/carpeta-440x440.png 440w, https:\/\/munifraijanes.gob.gt\/wordpress\/wp-content\/uploads\/2024\/02\/carpeta-180x180.png 180w, https:\/\/munifraijanes.gob.gt\/wordpress\/wp-content\/uploads\/2024\/02\/carpeta-120x120.png 120w\" sizes=\"(max-width: 512px) 100vw, 512px\" \/><\/span><\/div><\/div><\/div>                <\/div>                <div class=\"wgl-services_content-wrap\">\n                    <h3 class=\"wgl-services_title\">A\u00d1O 2022<\/h3>                <\/div>                    <a class=\"wgl-services_item-link\" href=\"#\"><\/a>            <\/div>\n        <\/div>\n\n        \t\t<\/div>\n\t\t\t\t<\/div>\n\t\t\t\t<\/div>\n\t\t<div class=\"elementor-element elementor-element-e28c648 e-con-full e-flex e-con e-child\" data-id=\"e28c648\" data-element_type=\"container\">\n\t\t\t\t<div class=\"elementor-element elementor-element-c5d25f3 elementor-widget-image-box wgl-image-box elementor-widget elementor-widget-wgl-services-2\" data-id=\"c5d25f3\" data-element_type=\"widget\" data-widget_type=\"wgl-services-2.default\">\n\t\t\t\t<div class=\"elementor-widget-container\">\n\t\t\t        <div class=\"wgl-services-2\">\n            <div class=\"wgl-services_wrap\">                <div class=\"wgl-services_media-wrap\">\n                    <div class=\"wgl-services_circle-wrapper\" style=\"width: 71px; height: 71px; left: 14.5px; top: 14.5px;\"><div class=\"wgl-services_circle\"><\/div><\/div>\n                    <div class=\"wgl-services_circle-wrapper\" style=\"width: 71px; height: 71px; left: 14.5px; top: 14.5px;\"><div class=\"wgl-services_circle\"><\/div><\/div><div class=\"wgl-widget_wrapper elementor-image-box-img\"><div class=\"wgl-widget_container\"><div class=\"wgl-image-box_img\"><span ><img fetchpriority=\"high\" decoding=\"async\" width=\"512\" height=\"512\" src=\"https:\/\/munifraijanes.gob.gt\/wordpress\/wp-content\/uploads\/2024\/02\/carpeta.png\" class=\"attachment-full size-full wp-image-2562\" alt=\"\" srcset=\"https:\/\/munifraijanes.gob.gt\/wordpress\/wp-content\/uploads\/2024\/02\/carpeta.png 512w, https:\/\/munifraijanes.gob.gt\/wordpress\/wp-content\/uploads\/2024\/02\/carpeta-300x300.png 300w, https:\/\/munifraijanes.gob.gt\/wordpress\/wp-content\/uploads\/2024\/02\/carpeta-150x150.png 150w, https:\/\/munifraijanes.gob.gt\/wordpress\/wp-content\/uploads\/2024\/02\/carpeta-440x440.png 440w, https:\/\/munifraijanes.gob.gt\/wordpress\/wp-content\/uploads\/2024\/02\/carpeta-180x180.png 180w, https:\/\/munifraijanes.gob.gt\/wordpress\/wp-content\/uploads\/2024\/02\/carpeta-120x120.png 120w\" sizes=\"(max-width: 512px) 100vw, 512px\" \/><\/span><\/div><\/div><\/div>                <\/div>                <div class=\"wgl-services_content-wrap\">\n                    <h3 class=\"wgl-services_title\">A\u00d1O 2023<\/h3>                <\/div>                    <a class=\"wgl-services_item-link\" href=\"#\"><\/a>            <\/div>\n        <\/div>\n\n        \t\t<\/div>\n\t\t\t\t<\/div>\n\t\t\t\t<\/div>\n\t\t\t\t\t<\/div>\n\t\t\t\t<\/div>\n\t\t<div class=\"elementor-element elementor-element-daa37e8 e-flex e-con-boxed e-con e-parent\" data-id=\"daa37e8\" data-element_type=\"container\">\n\t\t\t\t\t<div class=\"e-con-inner\">\n\t\t<div class=\"elementor-element elementor-element-e23671c e-con-full e-flex e-con e-child\" data-id=\"e23671c\" data-element_type=\"container\">\n\t\t\t\t<div class=\"elementor-element elementor-element-2c01ee2 elementor-widget-image-box wgl-image-box elementor-widget elementor-widget-wgl-services-2\" data-id=\"2c01ee2\" data-element_type=\"widget\" data-widget_type=\"wgl-services-2.default\">\n\t\t\t\t<div class=\"elementor-widget-container\">\n\t\t\t        <div class=\"wgl-services-2\">\n            <div class=\"wgl-services_wrap\">                <div class=\"wgl-services_media-wrap\">\n                    <div class=\"wgl-services_circle-wrapper\" style=\"width: 71px; height: 71px; left: 14.5px; top: 14.5px;\"><div class=\"wgl-services_circle\"><\/div><\/div>\n                    <div class=\"wgl-services_circle-wrapper\" style=\"width: 71px; height: 71px; left: 14.5px; top: 14.5px;\"><div class=\"wgl-services_circle\"><\/div><\/div><div class=\"wgl-widget_wrapper elementor-image-box-img\"><div class=\"wgl-widget_container\"><div class=\"wgl-image-box_img\"><span ><img fetchpriority=\"high\" decoding=\"async\" width=\"512\" height=\"512\" src=\"https:\/\/munifraijanes.gob.gt\/wordpress\/wp-content\/uploads\/2024\/02\/carpeta.png\" class=\"attachment-full size-full wp-image-2562\" alt=\"\" srcset=\"https:\/\/munifraijanes.gob.gt\/wordpress\/wp-content\/uploads\/2024\/02\/carpeta.png 512w, https:\/\/munifraijanes.gob.gt\/wordpress\/wp-content\/uploads\/2024\/02\/carpeta-300x300.png 300w, https:\/\/munifraijanes.gob.gt\/wordpress\/wp-content\/uploads\/2024\/02\/carpeta-150x150.png 150w, https:\/\/munifraijanes.gob.gt\/wordpress\/wp-content\/uploads\/2024\/02\/carpeta-440x440.png 440w, https:\/\/munifraijanes.gob.gt\/wordpress\/wp-content\/uploads\/2024\/02\/carpeta-180x180.png 180w, https:\/\/munifraijanes.gob.gt\/wordpress\/wp-content\/uploads\/2024\/02\/carpeta-120x120.png 120w\" sizes=\"(max-width: 512px) 100vw, 512px\" \/><\/span><\/div><\/div><\/div>                <\/div>                <div class=\"wgl-services_content-wrap\">\n                    <h3 class=\"wgl-services_title\">A\u00d1O 2024<\/h3>                <\/div>                    <a class=\"wgl-services_item-link\" href=\"https:\/\/munifraijanes.gob.gt\/wordpress\/?page_id=3238\"><\/a>            <\/div>\n        <\/div>\n\n        \t\t<\/div>\n\t\t\t\t<\/div>\n\t\t\t\t<\/div>\n\t\t<div class=\"elementor-element elementor-element-257b31d e-con-full e-flex e-con e-child\" data-id=\"257b31d\" data-element_type=\"container\">\n\t\t\t\t<div class=\"elementor-element elementor-element-e0a6d69 elementor-widget-image-box wgl-image-box elementor-widget elementor-widget-wgl-services-2\" data-id=\"e0a6d69\" data-element_type=\"widget\" data-widget_type=\"wgl-services-2.default\">\n\t\t\t\t<div class=\"elementor-widget-container\">\n\t\t\t        <div class=\"wgl-services-2\">\n            <div class=\"wgl-services_wrap\">                <div class=\"wgl-services_media-wrap\">\n                    <div class=\"wgl-services_circle-wrapper\" style=\"width: 71px; height: 71px; left: 14.5px; top: 14.5px;\"><div class=\"wgl-services_circle\"><\/div><\/div>\n                    <div class=\"wgl-services_circle-wrapper\" style=\"width: 71px; height: 71px; left: 14.5px; top: 14.5px;\"><div class=\"wgl-services_circle\"><\/div><\/div><div class=\"wgl-widget_wrapper elementor-image-box-img\"><div class=\"wgl-widget_container\"><div class=\"wgl-image-box_img\"><span ><img fetchpriority=\"high\" decoding=\"async\" width=\"512\" height=\"512\" src=\"https:\/\/munifraijanes.gob.gt\/wordpress\/wp-content\/uploads\/2024\/02\/carpeta.png\" class=\"attachment-full size-full wp-image-2562\" alt=\"\" srcset=\"https:\/\/munifraijanes.gob.gt\/wordpress\/wp-content\/uploads\/2024\/02\/carpeta.png 512w, https:\/\/munifraijanes.gob.gt\/wordpress\/wp-content\/uploads\/2024\/02\/carpeta-300x300.png 300w, https:\/\/munifraijanes.gob.gt\/wordpress\/wp-content\/uploads\/2024\/02\/carpeta-150x150.png 150w, https:\/\/munifraijanes.gob.gt\/wordpress\/wp-content\/uploads\/2024\/02\/carpeta-440x440.png 440w, https:\/\/munifraijanes.gob.gt\/wordpress\/wp-content\/uploads\/2024\/02\/carpeta-180x180.png 180w, https:\/\/munifraijanes.gob.gt\/wordpress\/wp-content\/uploads\/2024\/02\/carpeta-120x120.png 120w\" sizes=\"(max-width: 512px) 100vw, 512px\" \/><\/span><\/div><\/div><\/div>                <\/div>                <div class=\"wgl-services_content-wrap\">\n                    <h3 class=\"wgl-services_title\">A\u00d1O 2025<\/h3>                <\/div>                    <a class=\"wgl-services_item-link\" href=\"https:\/\/munifraijanes.gob.gt\/wordpress\/?page_id=6015\"><\/a>            <\/div>\n        <\/div>\n\n        \t\t<\/div>\n\t\t\t\t<\/div>\n\t\t\t\t<\/div>\n\t\t<div class=\"elementor-element elementor-element-8d592ae e-con-full e-flex e-con e-child\" data-id=\"8d592ae\" data-element_type=\"container\">\n\t\t\t\t<div class=\"elementor-element elementor-element-bb33f75 elementor-widget-image-box wgl-image-box elementor-widget elementor-widget-wgl-services-2\" data-id=\"bb33f75\" data-element_type=\"widget\" data-widget_type=\"wgl-services-2.default\">\n\t\t\t\t<div class=\"elementor-widget-container\">\n\t\t\t        <div class=\"wgl-services-2\">\n            <div class=\"wgl-services_wrap\">                <div class=\"wgl-services_media-wrap\">\n                    <div class=\"wgl-services_circle-wrapper\" style=\"width: 71px; height: 71px; left: 14.5px; top: 14.5px;\"><div class=\"wgl-services_circle\"><\/div><\/div>\n                    <div class=\"wgl-services_circle-wrapper\" style=\"width: 71px; height: 71px; left: 14.5px; top: 14.5px;\"><div class=\"wgl-services_circle\"><\/div><\/div><div class=\"wgl-widget_wrapper elementor-image-box-img\"><div class=\"wgl-widget_container\"><div class=\"wgl-image-box_img\"><span ><img fetchpriority=\"high\" decoding=\"async\" width=\"512\" height=\"512\" src=\"https:\/\/munifraijanes.gob.gt\/wordpress\/wp-content\/uploads\/2024\/02\/carpeta.png\" class=\"attachment-full size-full wp-image-2562\" alt=\"\" srcset=\"https:\/\/munifraijanes.gob.gt\/wordpress\/wp-content\/uploads\/2024\/02\/carpeta.png 512w, https:\/\/munifraijanes.gob.gt\/wordpress\/wp-content\/uploads\/2024\/02\/carpeta-300x300.png 300w, https:\/\/munifraijanes.gob.gt\/wordpress\/wp-content\/uploads\/2024\/02\/carpeta-150x150.png 150w, https:\/\/munifraijanes.gob.gt\/wordpress\/wp-content\/uploads\/2024\/02\/carpeta-440x440.png 440w, https:\/\/munifraijanes.gob.gt\/wordpress\/wp-content\/uploads\/2024\/02\/carpeta-180x180.png 180w, https:\/\/munifraijanes.gob.gt\/wordpress\/wp-content\/uploads\/2024\/02\/carpeta-120x120.png 120w\" sizes=\"(max-width: 512px) 100vw, 512px\" \/><\/span><\/div><\/div><\/div>                <\/div>                <div class=\"wgl-services_content-wrap\">\n                    <h3 class=\"wgl-services_title\">A\u00d1O 2026<\/h3>                <\/div>                    <a class=\"wgl-services_item-link\" href=\"https:\/\/munifraijanes.gob.gt\/wordpress\/?page_id=6015\"><\/a>            <\/div>\n        <\/div>\n\n        \t\t<\/div>\n\t\t\t\t<\/div>\n\t\t\t\t<\/div>\n\t\t<div class=\"elementor-element elementor-element-8caa1ef e-con-full e-flex e-con e-child\" data-id=\"8caa1ef\" data-element_type=\"container\">\n\t\t\t\t<\/div>\n\t\t\t\t\t<\/div>\n\t\t\t\t<\/div>\n\t\t\t\t<\/div>\n\t\t","protected":false},"excerpt":{"rendered":"<p>A\u00d1O 2020 A\u00d1O 2021 A\u00d1O 2022 A\u00d1O 2023 A\u00d1O 2024 A\u00d1O 2025 A\u00d1O 2026<\/p>\n","protected":false},"author":1,"featured_media":0,"parent":0,"menu_order":0,"comment_status":"closed","ping_status":"closed","template":"","meta":{"ub_ctt_via":"","footnotes":""},"class_list":["post-3161","page","type-page","status-publish","hentry"],"featured_image_src":null,"jetpack_sharing_enabled":true,"_links":{"self":[{"href":"https:\/\/munifraijanes.gob.gt\/wordpress\/index.php?rest_route=\/wp\/v2\/pages\/3161","targetHints":{"allow":["GET"]}}],"collection":[{"href":"https:\/\/munifraijanes.gob.gt\/wordpress\/index.php?rest_route=\/wp\/v2\/pages"}],"about":[{"href":"https:\/\/munifraijanes.gob.gt\/wordpress\/index.php?rest_route=\/wp\/v2\/types\/page"}],"author":[{"embeddable":true,"href":"https:\/\/munifraijanes.gob.gt\/wordpress\/index.php?rest_route=\/wp\/v2\/users\/1"}],"replies":[{"embeddable":true,"href":"https:\/\/munifraijanes.gob.gt\/wordpress\/index.php?rest_route=%2Fwp%2Fv2%2Fcomments&post=3161"}],"version-history":[{"count":7,"href":"https:\/\/munifraijanes.gob.gt\/wordpress\/index.php?rest_route=\/wp\/v2\/pages\/3161\/revisions"}],"predecessor-version":[{"id":6019,"href":"https:\/\/munifraijanes.gob.gt\/wordpress\/index.php?rest_route=\/wp\/v2\/pages\/3161\/revisions\/6019"}],"wp:attachment":[{"href":"https:\/\/munifraijanes.gob.gt\/wordpress\/index.php?rest_route=%2Fwp%2Fv2%2Fmedia&parent=3161"}],"curies":[{"name":"wp","href":"https:\/\/api.w.org\/{rel}","templated":true}]}}