{"id":5798,"date":"2025-02-05T20:31:59","date_gmt":"2025-02-05T20:31:59","guid":{"rendered":"https:\/\/munifraijanes.gob.gt\/wordpress\/?page_id=5798"},"modified":"2026-03-03T20:22:31","modified_gmt":"2026-03-03T20:22:31","slug":"manual-de-procedimiento-2025","status":"publish","type":"page","link":"https:\/\/munifraijanes.gob.gt\/wordpress\/?page_id=5798","title":{"rendered":"Manual de Procedimiento 2025"},"content":{"rendered":"\t\t<div data-elementor-type=\"wp-page\" data-elementor-id=\"5798\" class=\"elementor elementor-5798\">\n\t\t\t\t<div class=\"elementor-element elementor-element-b242a93 e-flex e-con-boxed e-con e-parent\" data-id=\"b242a93\" data-element_type=\"container\">\n\t\t\t\t\t<div class=\"e-con-inner\">\n\t\t<div class=\"elementor-element elementor-element-3bcd7ef e-con-full e-flex e-con e-child\" data-id=\"3bcd7ef\" data-element_type=\"container\">\n\t\t\t\t<div class=\"elementor-element elementor-element-e653479 elementor-widget-image-box wgl-image-box elementor-widget elementor-widget-wgl-services-2\" data-id=\"e653479\" data-element_type=\"widget\" data-widget_type=\"wgl-services-2.default\">\n\t\t\t\t<div class=\"elementor-widget-container\">\n\t\t\t        <div class=\"wgl-services-2\">\n            <div class=\"wgl-services_wrap\">                <div class=\"wgl-services_media-wrap\">\n                    <div class=\"wgl-services_circle-wrapper\" style=\"width: 71px; height: 71px; left: 14.5px; top: 14.5px;\"><div class=\"wgl-services_circle\"><\/div><\/div>\n                    <div class=\"wgl-services_circle-wrapper\" style=\"width: 71px; height: 71px; left: 14.5px; top: 14.5px;\"><div class=\"wgl-services_circle\"><\/div><\/div><div class=\"wgl-widget_wrapper elementor-image-box-img\"><div class=\"wgl-widget_container\"><div class=\"wgl-image-box_img\"><span ><img fetchpriority=\"high\" decoding=\"async\" width=\"512\" height=\"512\" src=\"https:\/\/munifraijanes.gob.gt\/wordpress\/wp-content\/uploads\/2024\/02\/pdf-1.png\" class=\"attachment-full size-full wp-image-2542\" alt=\"\" srcset=\"https:\/\/munifraijanes.gob.gt\/wordpress\/wp-content\/uploads\/2024\/02\/pdf-1.png 512w, https:\/\/munifraijanes.gob.gt\/wordpress\/wp-content\/uploads\/2024\/02\/pdf-1-300x300.png 300w, https:\/\/munifraijanes.gob.gt\/wordpress\/wp-content\/uploads\/2024\/02\/pdf-1-150x150.png 150w, https:\/\/munifraijanes.gob.gt\/wordpress\/wp-content\/uploads\/2024\/02\/pdf-1-440x440.png 440w, https:\/\/munifraijanes.gob.gt\/wordpress\/wp-content\/uploads\/2024\/02\/pdf-1-180x180.png 180w, https:\/\/munifraijanes.gob.gt\/wordpress\/wp-content\/uploads\/2024\/02\/pdf-1-120x120.png 120w\" sizes=\"(max-width: 512px) 100vw, 512px\" \/><\/span><\/div><\/div><\/div>                <\/div>                <div class=\"wgl-services_content-wrap\">\n                    <h3 class=\"wgl-services_title\">Manual de Administraci\u00f3n Financiera Integrada Municipal<\/h3>                <\/div>                    <a class=\"wgl-services_item-link\" href=\"https:\/\/drive.google.com\/file\/d\/14zeE0frf3J1CuJ1M-kFuye-Nil_xBsmj\/view?usp=sharing\"><\/a>            <\/div>\n        <\/div>\n\n        \t\t<\/div>\n\t\t\t\t<\/div>\n\t\t\t\t<\/div>\n\t\t<div class=\"elementor-element elementor-element-4e08f78 e-con-full e-flex e-con e-child\" data-id=\"4e08f78\" data-element_type=\"container\">\n\t\t\t\t<div class=\"elementor-element elementor-element-51e239d elementor-widget-image-box wgl-image-box elementor-widget elementor-widget-wgl-services-2\" data-id=\"51e239d\" data-element_type=\"widget\" data-widget_type=\"wgl-services-2.default\">\n\t\t\t\t<div class=\"elementor-widget-container\">\n\t\t\t        <div class=\"wgl-services-2\">\n            <div class=\"wgl-services_wrap\">                <div class=\"wgl-services_media-wrap\">\n                    <div class=\"wgl-services_circle-wrapper\" style=\"width: 71px; height: 71px; left: 14.5px; top: 14.5px;\"><div class=\"wgl-services_circle\"><\/div><\/div>\n                    <div class=\"wgl-services_circle-wrapper\" style=\"width: 71px; height: 71px; left: 14.5px; top: 14.5px;\"><div class=\"wgl-services_circle\"><\/div><\/div><div class=\"wgl-widget_wrapper elementor-image-box-img\"><div class=\"wgl-widget_container\"><div class=\"wgl-image-box_img\"><span ><img fetchpriority=\"high\" decoding=\"async\" width=\"512\" height=\"512\" src=\"https:\/\/munifraijanes.gob.gt\/wordpress\/wp-content\/uploads\/2024\/02\/pdf-1.png\" class=\"attachment-full size-full wp-image-2542\" alt=\"\" srcset=\"https:\/\/munifraijanes.gob.gt\/wordpress\/wp-content\/uploads\/2024\/02\/pdf-1.png 512w, https:\/\/munifraijanes.gob.gt\/wordpress\/wp-content\/uploads\/2024\/02\/pdf-1-300x300.png 300w, https:\/\/munifraijanes.gob.gt\/wordpress\/wp-content\/uploads\/2024\/02\/pdf-1-150x150.png 150w, https:\/\/munifraijanes.gob.gt\/wordpress\/wp-content\/uploads\/2024\/02\/pdf-1-440x440.png 440w, https:\/\/munifraijanes.gob.gt\/wordpress\/wp-content\/uploads\/2024\/02\/pdf-1-180x180.png 180w, https:\/\/munifraijanes.gob.gt\/wordpress\/wp-content\/uploads\/2024\/02\/pdf-1-120x120.png 120w\" sizes=\"(max-width: 512px) 100vw, 512px\" \/><\/span><\/div><\/div><\/div>                <\/div>                <div class=\"wgl-services_content-wrap\">\n                    <h3 class=\"wgl-services_title\">Manual de Clasificaciones Presupuestarias para el Sector P\u00fablico de Guatemala<\/h3>                <\/div>                    <a class=\"wgl-services_item-link\" href=\"https:\/\/drive.google.com\/file\/d\/1ftaZRZTfKn9ptK_LhWojoXUk9b8G5yC5\/view?usp=sharing\"><\/a>            <\/div>\n        <\/div>\n\n        \t\t<\/div>\n\t\t\t\t<\/div>\n\t\t\t\t<\/div>\n\t\t<div class=\"elementor-element elementor-element-e88b273 e-con-full e-flex e-con e-child\" data-id=\"e88b273\" data-element_type=\"container\">\n\t\t\t\t<div class=\"elementor-element elementor-element-5959f89 elementor-widget-image-box wgl-image-box elementor-widget elementor-widget-wgl-services-2\" data-id=\"5959f89\" data-element_type=\"widget\" data-widget_type=\"wgl-services-2.default\">\n\t\t\t\t<div class=\"elementor-widget-container\">\n\t\t\t        <div class=\"wgl-services-2\">\n            <div class=\"wgl-services_wrap\">                <div class=\"wgl-services_media-wrap\">\n                    <div class=\"wgl-services_circle-wrapper\" style=\"width: 71px; height: 71px; left: 14.5px; top: 14.5px;\"><div class=\"wgl-services_circle\"><\/div><\/div>\n                    <div class=\"wgl-services_circle-wrapper\" style=\"width: 71px; height: 71px; left: 14.5px; top: 14.5px;\"><div class=\"wgl-services_circle\"><\/div><\/div><div class=\"wgl-widget_wrapper elementor-image-box-img\"><div class=\"wgl-widget_container\"><div class=\"wgl-image-box_img\"><span ><img fetchpriority=\"high\" decoding=\"async\" width=\"512\" height=\"512\" src=\"https:\/\/munifraijanes.gob.gt\/wordpress\/wp-content\/uploads\/2024\/02\/pdf-1.png\" class=\"attachment-full size-full wp-image-2542\" alt=\"\" srcset=\"https:\/\/munifraijanes.gob.gt\/wordpress\/wp-content\/uploads\/2024\/02\/pdf-1.png 512w, https:\/\/munifraijanes.gob.gt\/wordpress\/wp-content\/uploads\/2024\/02\/pdf-1-300x300.png 300w, https:\/\/munifraijanes.gob.gt\/wordpress\/wp-content\/uploads\/2024\/02\/pdf-1-150x150.png 150w, https:\/\/munifraijanes.gob.gt\/wordpress\/wp-content\/uploads\/2024\/02\/pdf-1-440x440.png 440w, https:\/\/munifraijanes.gob.gt\/wordpress\/wp-content\/uploads\/2024\/02\/pdf-1-180x180.png 180w, https:\/\/munifraijanes.gob.gt\/wordpress\/wp-content\/uploads\/2024\/02\/pdf-1-120x120.png 120w\" sizes=\"(max-width: 512px) 100vw, 512px\" \/><\/span><\/div><\/div><\/div>                <\/div>                <div class=\"wgl-services_content-wrap\">\n                    <h3 class=\"wgl-services_title\">Manual de Especificaci\u00f3n y Descripci\u00f3n de Puestos de Nivel Superior  y Unidades de Apoyo<\/h3>                <\/div>                    <a class=\"wgl-services_item-link\" href=\"https:\/\/drive.google.com\/file\/d\/1yXUvru5J_MmaDDHYkLvEe7Fl--BqbiNG\/view?usp=sharing\"><\/a>            <\/div>\n        <\/div>\n\n        \t\t<\/div>\n\t\t\t\t<\/div>\n\t\t\t\t<\/div>\n\t\t<div class=\"elementor-element elementor-element-e28c648 e-con-full e-flex e-con e-child\" data-id=\"e28c648\" data-element_type=\"container\">\n\t\t\t\t<div class=\"elementor-element elementor-element-c5d25f3 elementor-widget-image-box wgl-image-box elementor-widget elementor-widget-wgl-services-2\" data-id=\"c5d25f3\" data-element_type=\"widget\" data-widget_type=\"wgl-services-2.default\">\n\t\t\t\t<div class=\"elementor-widget-container\">\n\t\t\t        <div class=\"wgl-services-2\">\n            <div class=\"wgl-services_wrap\">                <div class=\"wgl-services_media-wrap\">\n                    <div class=\"wgl-services_circle-wrapper\" style=\"width: 71px; height: 71px; left: 14.5px; top: 14.5px;\"><div class=\"wgl-services_circle\"><\/div><\/div>\n                    <div class=\"wgl-services_circle-wrapper\" style=\"width: 71px; height: 71px; left: 14.5px; top: 14.5px;\"><div class=\"wgl-services_circle\"><\/div><\/div><div class=\"wgl-widget_wrapper elementor-image-box-img\"><div class=\"wgl-widget_container\"><div class=\"wgl-image-box_img\"><span ><img fetchpriority=\"high\" decoding=\"async\" width=\"512\" height=\"512\" src=\"https:\/\/munifraijanes.gob.gt\/wordpress\/wp-content\/uploads\/2024\/02\/pdf-1.png\" class=\"attachment-full size-full wp-image-2542\" alt=\"\" srcset=\"https:\/\/munifraijanes.gob.gt\/wordpress\/wp-content\/uploads\/2024\/02\/pdf-1.png 512w, https:\/\/munifraijanes.gob.gt\/wordpress\/wp-content\/uploads\/2024\/02\/pdf-1-300x300.png 300w, https:\/\/munifraijanes.gob.gt\/wordpress\/wp-content\/uploads\/2024\/02\/pdf-1-150x150.png 150w, https:\/\/munifraijanes.gob.gt\/wordpress\/wp-content\/uploads\/2024\/02\/pdf-1-440x440.png 440w, https:\/\/munifraijanes.gob.gt\/wordpress\/wp-content\/uploads\/2024\/02\/pdf-1-180x180.png 180w, https:\/\/munifraijanes.gob.gt\/wordpress\/wp-content\/uploads\/2024\/02\/pdf-1-120x120.png 120w\" sizes=\"(max-width: 512px) 100vw, 512px\" \/><\/span><\/div><\/div><\/div>                <\/div>                <div class=\"wgl-services_content-wrap\">\n                    <h3 class=\"wgl-services_title\">Manual de Procedimientos del Nivel Directivo<\/h3>                <\/div>                    <a class=\"wgl-services_item-link\" href=\"https:\/\/drive.google.com\/file\/d\/1Oozhhhx2O4dawwV4Xgao-PiefTq813xQ\/view?usp=sharing\"><\/a>            <\/div>\n        <\/div>\n\n        \t\t<\/div>\n\t\t\t\t<\/div>\n\t\t\t\t<\/div>\n\t\t\t\t\t<\/div>\n\t\t\t\t<\/div>\n\t\t<div class=\"elementor-element elementor-element-daa37e8 e-flex e-con-boxed e-con e-parent\" data-id=\"daa37e8\" data-element_type=\"container\">\n\t\t\t\t\t<div class=\"e-con-inner\">\n\t\t<div class=\"elementor-element elementor-element-e23671c e-con-full e-flex e-con e-child\" data-id=\"e23671c\" data-element_type=\"container\">\n\t\t\t\t<div class=\"elementor-element elementor-element-2c01ee2 elementor-widget-image-box wgl-image-box elementor-widget elementor-widget-wgl-services-2\" data-id=\"2c01ee2\" data-element_type=\"widget\" data-widget_type=\"wgl-services-2.default\">\n\t\t\t\t<div class=\"elementor-widget-container\">\n\t\t\t        <div class=\"wgl-services-2\">\n            <div class=\"wgl-services_wrap\">                <div class=\"wgl-services_media-wrap\">\n                    <div class=\"wgl-services_circle-wrapper\" style=\"width: 71px; height: 71px; left: 14.5px; top: 14.5px;\"><div class=\"wgl-services_circle\"><\/div><\/div>\n                    <div class=\"wgl-services_circle-wrapper\" style=\"width: 71px; height: 71px; left: 14.5px; top: 14.5px;\"><div class=\"wgl-services_circle\"><\/div><\/div><div class=\"wgl-widget_wrapper elementor-image-box-img\"><div class=\"wgl-widget_container\"><div class=\"wgl-image-box_img\"><span ><img fetchpriority=\"high\" decoding=\"async\" width=\"512\" height=\"512\" src=\"https:\/\/munifraijanes.gob.gt\/wordpress\/wp-content\/uploads\/2024\/02\/pdf-1.png\" class=\"attachment-full size-full wp-image-2542\" alt=\"\" srcset=\"https:\/\/munifraijanes.gob.gt\/wordpress\/wp-content\/uploads\/2024\/02\/pdf-1.png 512w, https:\/\/munifraijanes.gob.gt\/wordpress\/wp-content\/uploads\/2024\/02\/pdf-1-300x300.png 300w, https:\/\/munifraijanes.gob.gt\/wordpress\/wp-content\/uploads\/2024\/02\/pdf-1-150x150.png 150w, https:\/\/munifraijanes.gob.gt\/wordpress\/wp-content\/uploads\/2024\/02\/pdf-1-440x440.png 440w, https:\/\/munifraijanes.gob.gt\/wordpress\/wp-content\/uploads\/2024\/02\/pdf-1-180x180.png 180w, https:\/\/munifraijanes.gob.gt\/wordpress\/wp-content\/uploads\/2024\/02\/pdf-1-120x120.png 120w\" sizes=\"(max-width: 512px) 100vw, 512px\" \/><\/span><\/div><\/div><\/div>                <\/div>                <div class=\"wgl-services_content-wrap\">\n                    <h3 class=\"wgl-services_title\">Manual de Procedimientos del Nivel Superior y Unidades de Apoyo<\/h3>                        <div class=\"wgl-services_text\"><p><\/p><\/div>                <\/div>                    <a class=\"wgl-services_item-link\" href=\"https:\/\/drive.google.com\/file\/d\/1RHs2ETiv0fC1_X0Xr5hps0OqOxqI0ZOY\/view?usp=sharing\"><\/a>            <\/div>\n        <\/div>\n\n        \t\t<\/div>\n\t\t\t\t<\/div>\n\t\t\t\t<\/div>\n\t\t<div class=\"elementor-element elementor-element-257b31d e-con-full e-flex e-con e-child\" data-id=\"257b31d\" data-element_type=\"container\">\n\t\t\t\t<div class=\"elementor-element elementor-element-e82d092 elementor-widget-image-box wgl-image-box elementor-widget elementor-widget-wgl-services-2\" data-id=\"e82d092\" data-element_type=\"widget\" data-widget_type=\"wgl-services-2.default\">\n\t\t\t\t<div class=\"elementor-widget-container\">\n\t\t\t        <div class=\"wgl-services-2\">\n            <div class=\"wgl-services_wrap\">                <div class=\"wgl-services_media-wrap\">\n                    <div class=\"wgl-services_circle-wrapper\" style=\"width: 71px; height: 71px; left: 14.5px; top: 14.5px;\"><div class=\"wgl-services_circle\"><\/div><\/div>\n                    <div class=\"wgl-services_circle-wrapper\" style=\"width: 71px; height: 71px; left: 14.5px; top: 14.5px;\"><div class=\"wgl-services_circle\"><\/div><\/div><div class=\"wgl-widget_wrapper elementor-image-box-img\"><div class=\"wgl-widget_container\"><div class=\"wgl-image-box_img\"><span ><img fetchpriority=\"high\" decoding=\"async\" width=\"512\" height=\"512\" src=\"https:\/\/munifraijanes.gob.gt\/wordpress\/wp-content\/uploads\/2024\/02\/pdf-1.png\" class=\"attachment-full size-full wp-image-2542\" alt=\"\" srcset=\"https:\/\/munifraijanes.gob.gt\/wordpress\/wp-content\/uploads\/2024\/02\/pdf-1.png 512w, https:\/\/munifraijanes.gob.gt\/wordpress\/wp-content\/uploads\/2024\/02\/pdf-1-300x300.png 300w, https:\/\/munifraijanes.gob.gt\/wordpress\/wp-content\/uploads\/2024\/02\/pdf-1-150x150.png 150w, https:\/\/munifraijanes.gob.gt\/wordpress\/wp-content\/uploads\/2024\/02\/pdf-1-440x440.png 440w, https:\/\/munifraijanes.gob.gt\/wordpress\/wp-content\/uploads\/2024\/02\/pdf-1-180x180.png 180w, https:\/\/munifraijanes.gob.gt\/wordpress\/wp-content\/uploads\/2024\/02\/pdf-1-120x120.png 120w\" sizes=\"(max-width: 512px) 100vw, 512px\" \/><\/span><\/div><\/div><\/div>                <\/div>                <div class=\"wgl-services_content-wrap\">\n                    <h3 class=\"wgl-services_title\">C\u00f3digo de \u00e9tica de la Municipalidad de Fraijanes y Su Respectivo Reglamento Interno del C\u00f3digo de \u00c9tica de la Municipalidad de Fraijanes<\/h3>                        <div class=\"wgl-services_text\"><p><\/p><\/div>                <\/div>                    <a class=\"wgl-services_item-link\" href=\"https:\/\/drive.google.com\/file\/d\/16G8IojbnC0dOL8AGFfnbDDr31P50cJob\/view?usp=sharing\"><\/a>            <\/div>\n        <\/div>\n\n        \t\t<\/div>\n\t\t\t\t<\/div>\n\t\t\t\t<\/div>\n\t\t<div class=\"elementor-element elementor-element-8d592ae e-con-full e-flex e-con e-child\" data-id=\"8d592ae\" data-element_type=\"container\">\n\t\t\t\t<div class=\"elementor-element elementor-element-b5ad01a elementor-widget-image-box wgl-image-box elementor-widget elementor-widget-wgl-services-2\" data-id=\"b5ad01a\" data-element_type=\"widget\" data-widget_type=\"wgl-services-2.default\">\n\t\t\t\t<div class=\"elementor-widget-container\">\n\t\t\t        <div class=\"wgl-services-2\">\n            <div class=\"wgl-services_wrap\">                <div class=\"wgl-services_media-wrap\">\n                    <div class=\"wgl-services_circle-wrapper\" style=\"width: 71px; height: 71px; left: 14.5px; top: 14.5px;\"><div class=\"wgl-services_circle\"><\/div><\/div>\n                    <div class=\"wgl-services_circle-wrapper\" style=\"width: 71px; height: 71px; left: 14.5px; top: 14.5px;\"><div class=\"wgl-services_circle\"><\/div><\/div><div class=\"wgl-widget_wrapper elementor-image-box-img\"><div class=\"wgl-widget_container\"><div class=\"wgl-image-box_img\"><span ><img fetchpriority=\"high\" decoding=\"async\" width=\"512\" height=\"512\" src=\"https:\/\/munifraijanes.gob.gt\/wordpress\/wp-content\/uploads\/2024\/02\/pdf-1.png\" class=\"attachment-full size-full wp-image-2542\" alt=\"\" srcset=\"https:\/\/munifraijanes.gob.gt\/wordpress\/wp-content\/uploads\/2024\/02\/pdf-1.png 512w, https:\/\/munifraijanes.gob.gt\/wordpress\/wp-content\/uploads\/2024\/02\/pdf-1-300x300.png 300w, https:\/\/munifraijanes.gob.gt\/wordpress\/wp-content\/uploads\/2024\/02\/pdf-1-150x150.png 150w, https:\/\/munifraijanes.gob.gt\/wordpress\/wp-content\/uploads\/2024\/02\/pdf-1-440x440.png 440w, https:\/\/munifraijanes.gob.gt\/wordpress\/wp-content\/uploads\/2024\/02\/pdf-1-180x180.png 180w, https:\/\/munifraijanes.gob.gt\/wordpress\/wp-content\/uploads\/2024\/02\/pdf-1-120x120.png 120w\" sizes=\"(max-width: 512px) 100vw, 512px\" \/><\/span><\/div><\/div><\/div>                <\/div>                <div class=\"wgl-services_content-wrap\">\n                    <h3 class=\"wgl-services_title\">Manual De Organizaci\u00f3n Y Funciones De La Municipalidad De Fraijanes<\/h3>                        <div class=\"wgl-services_text\"><p><\/p><\/div>                <\/div>                    <a class=\"wgl-services_item-link\" href=\"https:\/\/drive.google.com\/file\/d\/1bMVRrgbuDCO90Yh_jrFtkHcqXIFrOGOY\/view?usp=sharing\"><\/a>            <\/div>\n        <\/div>\n\n        \t\t<\/div>\n\t\t\t\t<\/div>\n\t\t\t\t<\/div>\n\t\t<div class=\"elementor-element elementor-element-8caa1ef e-con-full e-flex e-con e-child\" data-id=\"8caa1ef\" data-element_type=\"container\">\n\t\t\t\t<\/div>\n\t\t\t\t\t<\/div>\n\t\t\t\t<\/div>\n\t\t\t\t<\/div>\n\t\t","protected":false},"excerpt":{"rendered":"<p>Manual de Administraci\u00f3n Financiera Integrada Municipal Manual de Clasificaciones Presupuestarias para el Sector P\u00fablico de Guatemala Manual de Especificaci\u00f3n y Descripci\u00f3n de Puestos de Nivel Superior y Unidades de Apoyo Manual de Procedimientos del Nivel Directivo Manual de Procedimientos del Nivel Superior y Unidades de Apoyo C\u00f3digo de \u00e9tica de la Municipalidad de Fraijanes y [&hellip;]<\/p>\n","protected":false},"author":1,"featured_media":0,"parent":0,"menu_order":0,"comment_status":"closed","ping_status":"closed","template":"","meta":{"ub_ctt_via":"","footnotes":""},"class_list":["post-5798","page","type-page","status-publish","hentry"],"featured_image_src":null,"jetpack_sharing_enabled":true,"_links":{"self":[{"href":"https:\/\/munifraijanes.gob.gt\/wordpress\/index.php?rest_route=\/wp\/v2\/pages\/5798","targetHints":{"allow":["GET"]}}],"collection":[{"href":"https:\/\/munifraijanes.gob.gt\/wordpress\/index.php?rest_route=\/wp\/v2\/pages"}],"about":[{"href":"https:\/\/munifraijanes.gob.gt\/wordpress\/index.php?rest_route=\/wp\/v2\/types\/page"}],"author":[{"embeddable":true,"href":"https:\/\/munifraijanes.gob.gt\/wordpress\/index.php?rest_route=\/wp\/v2\/users\/1"}],"replies":[{"embeddable":true,"href":"https:\/\/munifraijanes.gob.gt\/wordpress\/index.php?rest_route=%2Fwp%2Fv2%2Fcomments&post=5798"}],"version-history":[{"count":4,"href":"https:\/\/munifraijanes.gob.gt\/wordpress\/index.php?rest_route=\/wp\/v2\/pages\/5798\/revisions"}],"predecessor-version":[{"id":5805,"href":"https:\/\/munifraijanes.gob.gt\/wordpress\/index.php?rest_route=\/wp\/v2\/pages\/5798\/revisions\/5805"}],"wp:attachment":[{"href":"https:\/\/munifraijanes.gob.gt\/wordpress\/index.php?rest_route=%2Fwp%2Fv2%2Fmedia&parent=5798"}],"curies":[{"name":"wp","href":"https:\/\/api.w.org\/{rel}","templated":true}]}}