{"id":6031,"date":"2025-02-10T14:49:00","date_gmt":"2025-02-10T14:49:00","guid":{"rendered":"https:\/\/munifraijanes.gob.gt\/wordpress\/?page_id=6031"},"modified":"2026-03-30T22:41:22","modified_gmt":"2026-03-30T22:41:22","slug":"contratos-por-cotizacion-2025","status":"publish","type":"page","link":"https:\/\/munifraijanes.gob.gt\/wordpress\/?page_id=6031","title":{"rendered":"Contratos por Cotizaci\u00f3n 2025"},"content":{"rendered":"\t\t<div data-elementor-type=\"wp-page\" data-elementor-id=\"6031\" class=\"elementor elementor-6031\">\n\t\t\t\t<div class=\"elementor-element elementor-element-61d2a0e e-flex e-con-boxed e-con e-parent\" data-id=\"61d2a0e\" data-element_type=\"container\">\n\t\t\t\t\t<div class=\"e-con-inner\">\n\t\t<div class=\"elementor-element elementor-element-f416dc6 e-con-full e-flex e-con e-child\" data-id=\"f416dc6\" data-element_type=\"container\">\n\t\t\t\t<div class=\"elementor-element elementor-element-b4626e4 elementor-widget-image-box wgl-image-box elementor-widget elementor-widget-wgl-services-2\" data-id=\"b4626e4\" data-element_type=\"widget\" data-widget_type=\"wgl-services-2.default\">\n\t\t\t\t<div class=\"elementor-widget-container\">\n\t\t\t        <div class=\"wgl-services-2\">\n            <div class=\"wgl-services_wrap\">                <div class=\"wgl-services_media-wrap\">\n                    <div class=\"wgl-services_circle-wrapper\" style=\"width: 71px; height: 71px; left: 14.5px; top: 14.5px;\"><div class=\"wgl-services_circle\"><\/div><\/div>\n                    <div class=\"wgl-services_circle-wrapper\" style=\"width: 71px; height: 71px; left: 14.5px; top: 14.5px;\"><div class=\"wgl-services_circle\"><\/div><\/div><div class=\"wgl-widget_wrapper elementor-image-box-img\"><div class=\"wgl-widget_container\"><div class=\"wgl-image-box_img\"><span ><img decoding=\"async\" src=\"https:\/\/munifraijanes.gob.gt\/wordpress\/wp-content\/uploads\/2024\/06\/enero_pdf.png\" title=\"\" alt=\"\" loading=\"lazy\" \/><\/span><\/div><\/div><\/div>                <\/div>                <div class=\"wgl-services_content-wrap\">\n                    <h3 class=\"wgl-services_title\">ENERO <\/h3>                        <div class=\"wgl-services_text\"><p><span>Cotizaci\u00f3n y Licitaci\u00f3n<\/span><\/p><\/div>                <\/div>                    <a class=\"wgl-services_item-link\" href=\"https:\/\/drive.google.com\/file\/d\/1Kw0etTXgZyivBdxhtSCNO8PYhYOnDTj6\/view?usp=sharing\" target=\"_blank\"><\/a>            <\/div>\n        <\/div>\n\n        \t\t<\/div>\n\t\t\t\t<\/div>\n\t\t\t\t<\/div>\n\t\t\t\t<div class=\"elementor-element elementor-element-e1683ff elementor-widget__width-initial elementor-widget-image-box wgl-image-box elementor-widget elementor-widget-wgl-services-2\" data-id=\"e1683ff\" data-element_type=\"widget\" data-widget_type=\"wgl-services-2.default\">\n\t\t\t\t<div class=\"elementor-widget-container\">\n\t\t\t        <div class=\"wgl-services-2\">\n            <div class=\"wgl-services_wrap\">                <div class=\"wgl-services_media-wrap\">\n                    <div class=\"wgl-services_circle-wrapper\" style=\"width: 71px; height: 71px; left: 14.5px; top: 14.5px;\"><div class=\"wgl-services_circle\"><\/div><\/div>\n                    <div class=\"wgl-services_circle-wrapper\" style=\"width: 71px; height: 71px; left: 14.5px; top: 14.5px;\"><div class=\"wgl-services_circle\"><\/div><\/div><div class=\"wgl-widget_wrapper elementor-image-box-img\"><div class=\"wgl-widget_container\"><div class=\"wgl-image-box_img\"><span ><img decoding=\"async\" src=\"https:\/\/munifraijanes.gob.gt\/wordpress\/wp-content\/uploads\/2024\/06\/enero_pdf.png\" title=\"\" alt=\"\" loading=\"lazy\" \/><\/span><\/div><\/div><\/div>                <\/div>                <div class=\"wgl-services_content-wrap\">\n                    <h3 class=\"wgl-services_title\">FEBRERO<\/h3>                        <div class=\"wgl-services_text\"><p><span>Cotizaci\u00f3n y Licitaci\u00f3n<\/span><\/p><\/div>                <\/div>                    <a class=\"wgl-services_item-link\" href=\"https:\/\/drive.google.com\/file\/d\/1Lkqz1isxHFMRLZNU3hEsLOLQP5bcGNPU\/view?usp=sharing\" target=\"_blank\"><\/a>            <\/div>\n        <\/div>\n\n        \t\t<\/div>\n\t\t\t\t<\/div>\n\t\t<div class=\"elementor-element elementor-element-26a852c e-con-full e-flex e-con e-child\" data-id=\"26a852c\" data-element_type=\"container\">\n\t\t<div class=\"elementor-element elementor-element-3040b28 e-con-full e-flex e-con e-child\" data-id=\"3040b28\" data-element_type=\"container\">\n\t\t\t\t<\/div>\n\t\t\t\t<\/div>\n\t\t<div class=\"elementor-element elementor-element-ae73cdf e-con-full e-flex e-con e-child\" data-id=\"ae73cdf\" data-element_type=\"container\">\n\t\t\t\t<\/div>\n\t\t<div class=\"elementor-element elementor-element-72ad742 e-con-full e-flex e-con e-child\" data-id=\"72ad742\" data-element_type=\"container\">\n\t\t\t\t<\/div>\n\t\t<div class=\"elementor-element elementor-element-54c52c4 e-con-full e-flex e-con e-child\" data-id=\"54c52c4\" data-element_type=\"container\">\n\t\t\t\t<\/div>\n\t\t\t\t\t<\/div>\n\t\t\t\t<\/div>\n\t\t\t\t<\/div>\n\t\t","protected":false},"excerpt":{"rendered":"<p>ENERO Cotizaci\u00f3n y Licitaci\u00f3n FEBRERO Cotizaci\u00f3n y Licitaci\u00f3n<\/p>\n","protected":false},"author":1,"featured_media":0,"parent":0,"menu_order":0,"comment_status":"closed","ping_status":"closed","template":"","meta":{"ub_ctt_via":"","footnotes":""},"class_list":["post-6031","page","type-page","status-publish","hentry"],"featured_image_src":null,"jetpack_sharing_enabled":true,"_links":{"self":[{"href":"https:\/\/munifraijanes.gob.gt\/wordpress\/index.php?rest_route=\/wp\/v2\/pages\/6031","targetHints":{"allow":["GET"]}}],"collection":[{"href":"https:\/\/munifraijanes.gob.gt\/wordpress\/index.php?rest_route=\/wp\/v2\/pages"}],"about":[{"href":"https:\/\/munifraijanes.gob.gt\/wordpress\/index.php?rest_route=\/wp\/v2\/types\/page"}],"author":[{"embeddable":true,"href":"https:\/\/munifraijanes.gob.gt\/wordpress\/index.php?rest_route=\/wp\/v2\/users\/1"}],"replies":[{"embeddable":true,"href":"https:\/\/munifraijanes.gob.gt\/wordpress\/index.php?rest_route=%2Fwp%2Fv2%2Fcomments&post=6031"}],"version-history":[{"count":7,"href":"https:\/\/munifraijanes.gob.gt\/wordpress\/index.php?rest_route=\/wp\/v2\/pages\/6031\/revisions"}],"predecessor-version":[{"id":11935,"href":"https:\/\/munifraijanes.gob.gt\/wordpress\/index.php?rest_route=\/wp\/v2\/pages\/6031\/revisions\/11935"}],"wp:attachment":[{"href":"https:\/\/munifraijanes.gob.gt\/wordpress\/index.php?rest_route=%2Fwp%2Fv2%2Fmedia&parent=6031"}],"curies":[{"name":"wp","href":"https:\/\/api.w.org\/{rel}","templated":true}]}}