{"id":805,"date":"2024-02-05T10:25:17","date_gmt":"2024-02-05T10:25:17","guid":{"rendered":"http:\/\/thegov.wgl-demo.net\/?page_id=805"},"modified":"2025-08-21T21:27:15","modified_gmt":"2025-08-21T21:27:15","slug":"muni","status":"publish","type":"page","link":"https:\/\/munifraijanes.gob.gt\/wordpress\/?page_id=805","title":{"rendered":"Muni"},"content":{"rendered":"\t\t<div data-elementor-type=\"wp-page\" data-elementor-id=\"805\" class=\"elementor elementor-805\">\n\t\t\t\t<div class=\"elementor-element elementor-element-1046952 e-con-full elementor-hidden-tablet elementor-hidden-mobile e-flex e-con e-parent\" data-id=\"1046952\" data-element_type=\"container\">\n\t\t\t\t<div class=\"elementor-element elementor-element-1d0b2a0 elementor-widget__width-inherit elementor-arrows-position-inside elementor-pagination-position-outside elementor-invisible elementor-widget elementor-widget-image-carousel\" data-id=\"1d0b2a0\" data-element_type=\"widget\" data-settings=\"{&quot;slides_to_show&quot;:&quot;1&quot;,&quot;_animation&quot;:&quot;fadeIn&quot;,&quot;navigation&quot;:&quot;both&quot;,&quot;autoplay&quot;:&quot;yes&quot;,&quot;pause_on_hover&quot;:&quot;yes&quot;,&quot;pause_on_interaction&quot;:&quot;yes&quot;,&quot;autoplay_speed&quot;:5000,&quot;infinite&quot;:&quot;yes&quot;,&quot;effect&quot;:&quot;slide&quot;,&quot;speed&quot;:500}\" data-widget_type=\"image-carousel.default\">\n\t\t\t\t<div class=\"elementor-widget-container\">\n\t\t\t<style>\/*! elementor - v3.22.0 - 26-06-2024 *\/\n.elementor-widget-image-carousel .swiper,.elementor-widget-image-carousel .swiper-container{position:static}.elementor-widget-image-carousel .swiper-container .swiper-slide figure,.elementor-widget-image-carousel .swiper .swiper-slide figure{line-height:inherit}.elementor-widget-image-carousel .swiper-slide{text-align:center}.elementor-image-carousel-wrapper:not(.swiper-container-initialized):not(.swiper-initialized) .swiper-slide{max-width:calc(100% \/ var(--e-image-carousel-slides-to-show, 3))}<\/style>\t\t<div class=\"elementor-image-carousel-wrapper swiper\" dir=\"ltr\">\n\t\t\t<div class=\"elementor-image-carousel swiper-wrapper swiper-image-stretch\" aria-live=\"off\">\n\t\t\t\t\t\t\t\t<div class=\"swiper-slide\" role=\"group\" aria-roledescription=\"slide\" aria-label=\"1 de 1\"><figure class=\"swiper-slide-inner\"><img decoding=\"async\" class=\"swiper-slide-image\" src=\"https:\/\/munifraijanes.gob.gt\/wordpress\/wp-content\/uploads\/2025\/02\/MUNICIPALIDAD.jpg\" alt=\"MUNICIPALIDAD\" \/><\/figure><\/div>\t\t\t<\/div>\n\t\t\t\t\t<\/div>\n\t\t\t\t<\/div>\n\t\t\t\t<\/div>\n\t\t\t\t<\/div>\n\t\t<div class=\"elementor-element elementor-element-7b71955 elementor-hidden-tablet elementor-hidden-mobile e-flex e-con-boxed e-con e-parent\" data-id=\"7b71955\" data-element_type=\"container\">\n\t\t\t\t\t<div class=\"e-con-inner\">\n\t\t\t\t<div class=\"elementor-element elementor-element-b41b00c elementor-widget elementor-widget-heading\" data-id=\"b41b00c\" data-element_type=\"widget\" data-widget_type=\"heading.default\">\n\t\t\t\t<div class=\"elementor-widget-container\">\n\t\t\t<style>\/*! elementor - v3.22.0 - 26-06-2024 *\/\n.elementor-heading-title{padding:0;margin:0;line-height:1}.elementor-widget-heading .elementor-heading-title[class*=elementor-size-]>a{color:inherit;font-size:inherit;line-height:inherit}.elementor-widget-heading .elementor-heading-title.elementor-size-small{font-size:15px}.elementor-widget-heading .elementor-heading-title.elementor-size-medium{font-size:19px}.elementor-widget-heading .elementor-heading-title.elementor-size-large{font-size:29px}.elementor-widget-heading .elementor-heading-title.elementor-size-xl{font-size:39px}.elementor-widget-heading .elementor-heading-title.elementor-size-xxl{font-size:59px}<\/style><h1 class=\"elementor-heading-title elementor-size-default\">Construimos d\u00eda a d\u00eda un #MunicipioModelo<\/h1>\t\t<\/div>\n\t\t\t\t<\/div>\n\t\t\t\t\t<\/div>\n\t\t\t\t<\/div>\n\t\t<div class=\"elementor-element elementor-element-c8ad4b7 elementor-hidden-desktop e-flex e-con-boxed e-con e-parent\" data-id=\"c8ad4b7\" data-element_type=\"container\">\n\t\t\t\t\t<div class=\"e-con-inner\">\n\t\t\t\t<div class=\"elementor-element elementor-element-c95b2c3 elementor-widget elementor-widget-heading\" data-id=\"c95b2c3\" data-element_type=\"widget\" data-widget_type=\"heading.default\">\n\t\t\t\t<div class=\"elementor-widget-container\">\n\t\t\t<h1 class=\"elementor-heading-title elementor-size-default\">Construimos d\u00eda a d\u00eda un Municipio Modelo<\/h1>\t\t<\/div>\n\t\t\t\t<\/div>\n\t\t\t\t\t<\/div>\n\t\t\t\t<\/div>\n\t\t<div class=\"elementor-element elementor-element-805073e e-flex e-con-boxed e-con e-parent\" data-id=\"805073e\" data-element_type=\"container\">\n\t\t\t\t\t<div class=\"e-con-inner\">\n\t\t<div class=\"elementor-element elementor-element-01330f5 e-con-full e-flex e-con e-child\" data-id=\"01330f5\" data-element_type=\"container\">\n\t\t\t\t<div class=\"elementor-element elementor-element-789ee1a elementor-widget elementor-widget-image\" data-id=\"789ee1a\" data-element_type=\"widget\" data-widget_type=\"image.default\">\n\t\t\t\t<div class=\"elementor-widget-container\">\n\t\t\t<style>\/*! elementor - v3.22.0 - 26-06-2024 *\/\n.elementor-widget-image{text-align:center}.elementor-widget-image a{display:inline-block}.elementor-widget-image a img[src$=\".svg\"]{width:48px}.elementor-widget-image img{vertical-align:middle;display:inline-block}<\/style>\t\t\t\t\t\t\t\t\t\t<img fetchpriority=\"high\" decoding=\"async\" width=\"1024\" height=\"861\" src=\"https:\/\/munifraijanes.gob.gt\/wordpress\/wp-content\/uploads\/2025\/02\/FOTO-1024x861.png\" class=\"attachment-large size-large wp-image-7330\" alt=\"\" srcset=\"https:\/\/munifraijanes.gob.gt\/wordpress\/wp-content\/uploads\/2025\/02\/FOTO-1024x861.png 1024w, https:\/\/munifraijanes.gob.gt\/wordpress\/wp-content\/uploads\/2025\/02\/FOTO-300x252.png 300w, https:\/\/munifraijanes.gob.gt\/wordpress\/wp-content\/uploads\/2025\/02\/FOTO-768x646.png 768w, https:\/\/munifraijanes.gob.gt\/wordpress\/wp-content\/uploads\/2025\/02\/FOTO.png 1056w\" sizes=\"(max-width: 1024px) 100vw, 1024px\" \/>\t\t\t\t\t\t\t\t\t\t\t\t\t<\/div>\n\t\t\t\t<\/div>\n\t\t\t\t<\/div>\n\t\t<div class=\"elementor-element elementor-element-9592be2 e-con-full e-flex e-con e-child\" data-id=\"9592be2\" data-element_type=\"container\">\n\t\t<div class=\"elementor-element elementor-element-b7cf404 e-con-full e-flex e-con e-child\" data-id=\"b7cf404\" data-element_type=\"container\">\n\t\t\t\t<div class=\"elementor-element elementor-element-ce173ee wgl-hover_shift-yes divider_yes aleft elementor-widget elementor-widget-wgl-info-box\" data-id=\"ce173ee\" data-element_type=\"widget\" data-widget_type=\"wgl-info-box.default\">\n\t\t\t\t<div class=\"elementor-widget-container\">\n\t\t\t<div class=\"wgl-infobox\"><div class=\"wgl-infobox_wrapper\"><div class=\"wgl-infobox-content_wrapper\"><div class=\"wgl-infobox-title_wrapper\"><h3 class=\"wgl-infobox_title\">Misi\u00f3n<\/h3><\/div><div class=\"wgl-infobox_content\"><p>Brindar al municipio de Fraijanes servicios de calidad, con eficiencia y excelencia, as\u00ed como promover la participaci\u00f3n ciudadana, la inclusi\u00f3n social y la generaci\u00f3n de oportunidades para el desarrollo comunitario, garantizando el mantenimiento de los servicios b\u00e1sicos y su buen funcionamiento.<\/p><\/div><div class=\"wgl-infobox-button_wrapper\"><a class=\"corner-attached corner-position_right wgl-infobox_button button-read-more read-more-icon icon-position-right\"><\/a><\/div><\/div><\/div><\/div>\t\t<\/div>\n\t\t\t\t<\/div>\n\t\t\t\t<\/div>\n\t\t<div class=\"elementor-element elementor-element-a3f2a50 e-con-full e-flex e-con e-child\" data-id=\"a3f2a50\" data-element_type=\"container\">\n\t\t\t\t<div class=\"elementor-element elementor-element-407a45b divider_yes aleft elementor-widget elementor-widget-wgl-info-box\" data-id=\"407a45b\" data-element_type=\"widget\" data-widget_type=\"wgl-info-box.default\">\n\t\t\t\t<div class=\"elementor-widget-container\">\n\t\t\t<div class=\"wgl-infobox\"><div class=\"wgl-infobox_wrapper\"><div class=\"wgl-infobox-content_wrapper\"><div class=\"wgl-infobox-title_wrapper\"><h3 class=\"wgl-infobox_title\">Visi\u00f3n<\/h3><\/div><div class=\"wgl-infobox_content\"><p>Hacer de Fraijanes un municipio inclusivo, en el que se garanticen los derechos fundamentales como salud, seguridad y educaci\u00f3n; con un equipo de trabajo capaz, que comprende las necesidades de la poblaci\u00f3n y busca soluciones integrales, sirviendo a los intereses p\u00fablicos y actuando bajo los principios de eficiencia, eficacia y transparencia en la Gesti\u00f3n Municipal.<\/p><\/div><div class=\"wgl-infobox-button_wrapper\"><a class=\"corner-attached corner-position_right wgl-infobox_button button-read-more read-more-icon icon-position-right\"><\/a><\/div><\/div><\/div><\/div>\t\t<\/div>\n\t\t\t\t<\/div>\n\t\t\t\t<\/div>\n\t\t\t\t<\/div>\n\t\t\t\t\t<\/div>\n\t\t\t\t<\/div>\n\t\t<div class=\"elementor-element elementor-element-0d2affb e-flex e-con-boxed e-con e-parent\" data-id=\"0d2affb\" data-element_type=\"container\">\n\t\t\t\t\t<div class=\"e-con-inner\">\n\t\t\t\t<div class=\"elementor-element elementor-element-3158306 elementor-widget elementor-widget-heading\" data-id=\"3158306\" data-element_type=\"widget\" data-widget_type=\"heading.default\">\n\t\t\t\t<div class=\"elementor-widget-container\">\n\t\t\t<h1 class=\"elementor-heading-title elementor-size-default\">Nuestros valores institucionales<\/h1>\t\t<\/div>\n\t\t\t\t<\/div>\n\t\t\t\t\t<\/div>\n\t\t\t\t<\/div>\n\t\t<div class=\"elementor-element elementor-element-6c98beb e-flex e-con-boxed e-con e-parent\" data-id=\"6c98beb\" data-element_type=\"container\">\n\t\t\t\t\t<div class=\"e-con-inner\">\n\t\t<div class=\"elementor-element elementor-element-2e492bf e-con-full e-flex e-con e-child\" data-id=\"2e492bf\" data-element_type=\"container\">\n\t\t\t\t<div class=\"elementor-element elementor-element-21c4f40 wgl-hover_shift-yes elementor-widget-image-box wgl-image-box elementor-position-top divider_yes aleft elementor-widget elementor-widget-wgl-info-box\" data-id=\"21c4f40\" data-element_type=\"widget\" data-widget_type=\"wgl-info-box.default\">\n\t\t\t\t<div class=\"elementor-widget-container\">\n\t\t\t<div class=\"wgl-infobox\"><div class=\"wgl-infobox_wrapper elementor-image-box-wrapper\"><div class=\"wgl-infobox-icon_wrapper elementor-image-box-img\"><div class=\"wgl-infobox-icon_container\"><div class=\"wgl-image-box_img\"><span ><img decoding=\"async\" src=\"https:\/\/munifraijanes.gob.gt\/wordpress\/wp-content\/uploads\/elementor\/thumbs\/9782059-r24wc33qp44gwma54g9vuijtbqi6idxdtf090cj7ps.webp\" title=\"9782059\" alt=\"9782059\" loading=\"lazy\" \/><\/span><\/div><\/div><\/div><div class=\"wgl-infobox-content_wrapper elementor-image-box-content\"><div class=\"wgl-infobox-title_wrapper\"><h3 class=\"wgl-infobox_title\">Honestidad<\/h3><\/div><div class=\"wgl-infobox_content\"><p>Todo trabajador municipal se compromete a trabajar con valores y transparencia en la gesti\u00f3n municipal.<\/p><\/div><div class=\"wgl-infobox-button_wrapper\"><a class=\"corner-attached corner-position_right wgl-infobox_button button-read-more read-more-icon icon-position-right\"><\/a><\/div><\/div><\/div><\/div>\t\t<\/div>\n\t\t\t\t<\/div>\n\t\t\t\t<\/div>\n\t\t<div class=\"elementor-element elementor-element-c259d90 e-con-full e-flex e-con e-child\" data-id=\"c259d90\" data-element_type=\"container\">\n\t\t\t\t<div class=\"elementor-element elementor-element-d9f107a wgl-hover_shift-yes elementor-widget-image-box wgl-image-box elementor-position-top divider_yes aleft elementor-widget elementor-widget-wgl-info-box\" data-id=\"d9f107a\" data-element_type=\"widget\" data-widget_type=\"wgl-info-box.default\">\n\t\t\t\t<div class=\"elementor-widget-container\">\n\t\t\t<div class=\"wgl-infobox\"><div class=\"wgl-infobox_wrapper elementor-image-box-wrapper\"><div class=\"wgl-infobox-icon_wrapper elementor-image-box-img\"><div class=\"wgl-infobox-icon_container\"><div class=\"wgl-image-box_img\"><span ><img decoding=\"async\" src=\"https:\/\/munifraijanes.gob.gt\/wordpress\/wp-content\/uploads\/elementor\/thumbs\/02-3-r24y2go68bihd1obvwxlt9w0h922bak4q5j8ie1osw.png\" title=\"02\" alt=\"02\" loading=\"lazy\" \/><\/span><\/div><\/div><\/div><div class=\"wgl-infobox-content_wrapper elementor-image-box-content\"><div class=\"wgl-infobox-title_wrapper\"><h3 class=\"wgl-infobox_title\">Trabajo en Equipo<\/h3><\/div><div class=\"wgl-infobox_content\"><p>Compromiso a trabajar con voluntad y asumir esfuerzos para lograr objetivos comunes y de beneficio a la poblaci\u00f3n del municipio.<\/p><\/div><div class=\"wgl-infobox-button_wrapper\"><a class=\"corner-attached corner-position_right wgl-infobox_button button-read-more read-more-icon icon-position-right\"><\/a><\/div><\/div><\/div><\/div>\t\t<\/div>\n\t\t\t\t<\/div>\n\t\t\t\t<\/div>\n\t\t<div class=\"elementor-element elementor-element-1d343be e-con-full e-flex e-con e-child\" data-id=\"1d343be\" data-element_type=\"container\">\n\t\t\t\t<div class=\"elementor-element elementor-element-42ce8f3 wgl-hover_shift-yes elementor-widget-image-box wgl-image-box elementor-position-top divider_yes aleft elementor-widget elementor-widget-wgl-info-box\" data-id=\"42ce8f3\" data-element_type=\"widget\" data-widget_type=\"wgl-info-box.default\">\n\t\t\t\t<div class=\"elementor-widget-container\">\n\t\t\t<div class=\"wgl-infobox\"><div class=\"wgl-infobox_wrapper elementor-image-box-wrapper\"><div class=\"wgl-infobox-icon_wrapper elementor-image-box-img\"><div class=\"wgl-infobox-icon_container\"><div class=\"wgl-image-box_img\"><span ><img decoding=\"async\" src=\"https:\/\/munifraijanes.gob.gt\/wordpress\/wp-content\/uploads\/elementor\/thumbs\/04-3-r24y1u41oanlmel3jn6k5fky80596k2kn1vkzqz4y8.png\" title=\"04\" alt=\"04\" loading=\"lazy\" \/><\/span><\/div><\/div><\/div><div class=\"wgl-infobox-content_wrapper elementor-image-box-content\"><div class=\"wgl-infobox-title_wrapper\"><h3 class=\"wgl-infobox_title\">Transparencia<\/h3><\/div><div class=\"wgl-infobox_content\"><p>\u00a0La gesti\u00f3n municipal est\u00e1 orientada a informar al municipio sobre la actividad de la administraci\u00f3n y la utilizaci\u00f3n de recursos.<\/p><\/div><div class=\"wgl-infobox-button_wrapper\"><a class=\"corner-attached corner-position_right wgl-infobox_button button-read-more read-more-icon icon-position-right\"><\/a><\/div><\/div><\/div><\/div>\t\t<\/div>\n\t\t\t\t<\/div>\n\t\t\t\t<\/div>\n\t\t<div class=\"elementor-element elementor-element-95d18c9 e-con-full e-flex e-con e-child\" data-id=\"95d18c9\" data-element_type=\"container\">\n\t\t\t\t<div class=\"elementor-element elementor-element-399362b wgl-hover_shift-yes elementor-widget-image-box wgl-image-box elementor-position-top divider_yes aleft elementor-widget elementor-widget-wgl-info-box\" data-id=\"399362b\" data-element_type=\"widget\" data-widget_type=\"wgl-info-box.default\">\n\t\t\t\t<div class=\"elementor-widget-container\">\n\t\t\t<div class=\"wgl-infobox\"><div class=\"wgl-infobox_wrapper elementor-image-box-wrapper\"><div class=\"wgl-infobox-icon_wrapper elementor-image-box-img\"><div class=\"wgl-infobox-icon_container\"><div class=\"wgl-image-box_img\"><span ><img decoding=\"async\" src=\"https:\/\/munifraijanes.gob.gt\/wordpress\/wp-content\/uploads\/elementor\/thumbs\/04-1-1-r24y8d3p4vla8x3rfgragsa6qbz0mvzgvcyyyxapqo.png\" title=\"04-1\" alt=\"04-1\" loading=\"lazy\" \/><\/span><\/div><\/div><\/div><div class=\"wgl-infobox-content_wrapper elementor-image-box-content\"><div class=\"wgl-infobox-title_wrapper\"><h3 class=\"wgl-infobox_title\">Servicio<\/h3><\/div><div class=\"wgl-infobox_content\"><p>Brindar un servicio de calidad a la poblaci\u00f3n del municipio de Fraijanes.<\/p><\/div><div class=\"wgl-infobox-button_wrapper\"><a class=\"corner-attached corner-position_right wgl-infobox_button button-read-more read-more-icon icon-position-right\"><\/a><\/div><\/div><\/div><\/div>\t\t<\/div>\n\t\t\t\t<\/div>\n\t\t\t\t<\/div>\n\t\t\t\t\t<\/div>\n\t\t\t\t<\/div>\n\t\t<div class=\"elementor-element elementor-element-5bdef46 e-flex e-con-boxed e-con e-parent\" data-id=\"5bdef46\" data-element_type=\"container\">\n\t\t\t\t\t<div class=\"e-con-inner\">\n\t\t<div class=\"elementor-element elementor-element-3f902a6 e-con-full e-flex e-con e-child\" data-id=\"3f902a6\" data-element_type=\"container\">\n\t\t\t\t<div class=\"elementor-element elementor-element-b91dd9b wgl-hover_shift-yes elementor-widget-image-box wgl-image-box elementor-position-top divider_yes aleft elementor-widget elementor-widget-wgl-info-box\" data-id=\"b91dd9b\" data-element_type=\"widget\" data-widget_type=\"wgl-info-box.default\">\n\t\t\t\t<div class=\"elementor-widget-container\">\n\t\t\t<div class=\"wgl-infobox\"><div class=\"wgl-infobox_wrapper elementor-image-box-wrapper\"><div class=\"wgl-infobox-icon_wrapper elementor-image-box-img\"><div class=\"wgl-infobox-icon_container\"><div class=\"wgl-image-box_img\"><span ><img decoding=\"async\" src=\"https:\/\/munifraijanes.gob.gt\/wordpress\/wp-content\/uploads\/elementor\/thumbs\/05-r24yboh78u4p7ead2ecwrg5q69mmsg5dnrtmx2dpsg.png\" title=\"05\" alt=\"05\" loading=\"lazy\" \/><\/span><\/div><\/div><\/div><div class=\"wgl-infobox-content_wrapper elementor-image-box-content\"><div class=\"wgl-infobox-title_wrapper\"><h3 class=\"wgl-infobox_title\">Equidad<\/h3><\/div><div class=\"wgl-infobox_content\"><p>La gesti\u00f3n municipal se orienta al promover el desarrollo integral de los vecinos.<\/p><\/div><div class=\"wgl-infobox-button_wrapper\"><a class=\"corner-attached corner-position_right wgl-infobox_button button-read-more read-more-icon icon-position-right\"><\/a><\/div><\/div><\/div><\/div>\t\t<\/div>\n\t\t\t\t<\/div>\n\t\t\t\t<\/div>\n\t\t<div class=\"elementor-element elementor-element-6f5fc9d e-con-full e-flex e-con e-child\" data-id=\"6f5fc9d\" data-element_type=\"container\">\n\t\t\t\t<div class=\"elementor-element elementor-element-e5fbda6 wgl-hover_shift-yes elementor-widget-image-box wgl-image-box elementor-position-top divider_yes aleft elementor-widget elementor-widget-wgl-info-box\" data-id=\"e5fbda6\" data-element_type=\"widget\" data-widget_type=\"wgl-info-box.default\">\n\t\t\t\t<div class=\"elementor-widget-container\">\n\t\t\t<div class=\"wgl-infobox\"><div class=\"wgl-infobox_wrapper elementor-image-box-wrapper\"><div class=\"wgl-infobox-icon_wrapper elementor-image-box-img\"><div class=\"wgl-infobox-icon_container\"><div class=\"wgl-image-box_img\"><span ><img decoding=\"async\" src=\"https:\/\/munifraijanes.gob.gt\/wordpress\/wp-content\/uploads\/elementor\/thumbs\/06-r24yczh4qjx1bwe3fyo984arvj6zhbbyi8fwwwg15c.png\" title=\"06\" alt=\"06\" loading=\"lazy\" \/><\/span><\/div><\/div><\/div><div class=\"wgl-infobox-content_wrapper elementor-image-box-content\"><div class=\"wgl-infobox-title_wrapper\"><h3 class=\"wgl-infobox_title\">Veracidad<\/h3><\/div><div class=\"wgl-infobox_content\"><p>Transmitir a la poblaci\u00f3n del municipio de Fraijanes, credibilidad y confianza en los procesos de cambio.<\/p><\/div><div class=\"wgl-infobox-button_wrapper\"><a class=\"corner-attached corner-position_right wgl-infobox_button button-read-more read-more-icon icon-position-right\"><\/a><\/div><\/div><\/div><\/div>\t\t<\/div>\n\t\t\t\t<\/div>\n\t\t\t\t<\/div>\n\t\t<div class=\"elementor-element elementor-element-9c6c022 e-con-full e-flex e-con e-child\" data-id=\"9c6c022\" data-element_type=\"container\">\n\t\t\t\t<div class=\"elementor-element elementor-element-2a5838a wgl-hover_shift-yes elementor-widget-image-box wgl-image-box elementor-position-top divider_yes aleft elementor-widget elementor-widget-wgl-info-box\" data-id=\"2a5838a\" data-element_type=\"widget\" data-widget_type=\"wgl-info-box.default\">\n\t\t\t\t<div class=\"elementor-widget-container\">\n\t\t\t<div class=\"wgl-infobox\"><div class=\"wgl-infobox_wrapper elementor-image-box-wrapper\"><div class=\"wgl-infobox-icon_wrapper elementor-image-box-img\"><div class=\"wgl-infobox-icon_container\"><div class=\"wgl-image-box_img\"><span ><img decoding=\"async\" src=\"https:\/\/munifraijanes.gob.gt\/wordpress\/wp-content\/uploads\/elementor\/thumbs\/07-r24ydar70kch77xpm3js21gb05ne1okqjs9qo7zb2o.png\" title=\"07\" alt=\"07\" loading=\"lazy\" \/><\/span><\/div><\/div><\/div><div class=\"wgl-infobox-content_wrapper elementor-image-box-content\"><div class=\"wgl-infobox-title_wrapper\"><h3 class=\"wgl-infobox_title\">Justicia<\/h3><\/div><div class=\"wgl-infobox_content\"><p>Las actuaciones de la m\u00e1xima autoridad y trabajadores de la Municipalidad de Fraijanes buscan cumplir con el compromiso propuesto mediante la implementaci\u00f3n de procesos equitativos que permitan dar a cada quien lo que le corresponde seg\u00fan sus necesidades.<\/p><\/div><div class=\"wgl-infobox-button_wrapper\"><a class=\"corner-attached corner-position_right wgl-infobox_button button-read-more read-more-icon icon-position-right\"><\/a><\/div><\/div><\/div><\/div>\t\t<\/div>\n\t\t\t\t<\/div>\n\t\t\t\t<\/div>\n\t\t<div class=\"elementor-element elementor-element-dde0c8d e-con-full e-flex e-con e-child\" data-id=\"dde0c8d\" data-element_type=\"container\">\n\t\t\t\t<div class=\"elementor-element elementor-element-706fc10 wgl-hover_shift-yes elementor-widget-image-box wgl-image-box elementor-position-top divider_yes aleft elementor-widget elementor-widget-wgl-info-box\" data-id=\"706fc10\" data-element_type=\"widget\" data-widget_type=\"wgl-info-box.default\">\n\t\t\t\t<div class=\"elementor-widget-container\">\n\t\t\t<div class=\"wgl-infobox\"><div class=\"wgl-infobox_wrapper elementor-image-box-wrapper\"><div class=\"wgl-infobox-icon_wrapper elementor-image-box-img\"><div class=\"wgl-infobox-icon_container\"><div class=\"wgl-image-box_img\"><span ><img decoding=\"async\" src=\"https:\/\/munifraijanes.gob.gt\/wordpress\/wp-content\/uploads\/elementor\/thumbs\/08-r24yfd0g0h64oexukhnb10ppxlhdxrrj5zt3l2x7f4.png\" title=\"08\" alt=\"08\" loading=\"lazy\" \/><\/span><\/div><\/div><\/div><div class=\"wgl-infobox-content_wrapper elementor-image-box-content\"><div class=\"wgl-infobox-title_wrapper\"><h3 class=\"wgl-infobox_title\">Rectitud<\/h3><\/div><div class=\"wgl-infobox_content\"><p>Las autoridades y funcionarios p\u00fablicos municipales que toman decisiones para el beneficio de la poblaci\u00f3n del municipio y la comunidad deben garantizar su independencia, de manera que en el desempe\u00f1o de sus funciones solo busquen el inter\u00e9s p\u00fablico.<\/p><\/div><div class=\"wgl-infobox-button_wrapper\"><a class=\"corner-attached corner-position_right wgl-infobox_button button-read-more read-more-icon icon-position-right\"><\/a><\/div><\/div><\/div><\/div>\t\t<\/div>\n\t\t\t\t<\/div>\n\t\t\t\t<\/div>\n\t\t\t\t\t<\/div>\n\t\t\t\t<\/div>\n\t\t\t\t<\/div>\n\t\t","protected":false},"excerpt":{"rendered":"<p>Construimos d\u00eda a d\u00eda un #MunicipioModelo Construimos d\u00eda a d\u00eda un Municipio Modelo Misi\u00f3n Brindar al municipio de Fraijanes servicios de calidad, con eficiencia y excelencia, as\u00ed como promover la participaci\u00f3n ciudadana, la inclusi\u00f3n social y la generaci\u00f3n de oportunidades para el desarrollo comunitario, garantizando el mantenimiento de los servicios b\u00e1sicos y su buen funcionamiento. [&hellip;]<\/p>\n","protected":false},"author":1,"featured_media":0,"parent":0,"menu_order":0,"comment_status":"closed","ping_status":"closed","template":"","meta":{"ub_ctt_via":"","footnotes":""},"class_list":["post-805","page","type-page","status-publish","hentry"],"featured_image_src":null,"jetpack_sharing_enabled":true,"_links":{"self":[{"href":"https:\/\/munifraijanes.gob.gt\/wordpress\/index.php?rest_route=\/wp\/v2\/pages\/805","targetHints":{"allow":["GET"]}}],"collection":[{"href":"https:\/\/munifraijanes.gob.gt\/wordpress\/index.php?rest_route=\/wp\/v2\/pages"}],"about":[{"href":"https:\/\/munifraijanes.gob.gt\/wordpress\/index.php?rest_route=\/wp\/v2\/types\/page"}],"author":[{"embeddable":true,"href":"https:\/\/munifraijanes.gob.gt\/wordpress\/index.php?rest_route=\/wp\/v2\/users\/1"}],"replies":[{"embeddable":true,"href":"https:\/\/munifraijanes.gob.gt\/wordpress\/index.php?rest_route=%2Fwp%2Fv2%2Fcomments&post=805"}],"version-history":[{"count":110,"href":"https:\/\/munifraijanes.gob.gt\/wordpress\/index.php?rest_route=\/wp\/v2\/pages\/805\/revisions"}],"predecessor-version":[{"id":7555,"href":"https:\/\/munifraijanes.gob.gt\/wordpress\/index.php?rest_route=\/wp\/v2\/pages\/805\/revisions\/7555"}],"wp:attachment":[{"href":"https:\/\/munifraijanes.gob.gt\/wordpress\/index.php?rest_route=%2Fwp%2Fv2%2Fmedia&parent=805"}],"curies":[{"name":"wp","href":"https:\/\/api.w.org\/{rel}","templated":true}]}}