{"id":8174,"date":"2025-03-15T02:01:11","date_gmt":"2025-03-15T02:01:11","guid":{"rendered":"https:\/\/munifraijanes.gob.gt\/wordpress\/?page_id=8174"},"modified":"2026-04-09T00:04:04","modified_gmt":"2026-04-09T00:04:04","slug":"estructura-organica-2-3-7","status":"publish","type":"page","link":"https:\/\/munifraijanes.gob.gt\/wordpress\/?page_id=8174","title":{"rendered":"Marco normativo COMUNE 2025"},"content":{"rendered":"\t\t<div data-elementor-type=\"wp-page\" data-elementor-id=\"8174\" class=\"elementor elementor-8174\">\n\t\t\t\t<div class=\"elementor-element elementor-element-c930cbb e-flex e-con-boxed e-con e-parent\" data-id=\"c930cbb\" data-element_type=\"container\">\n\t\t\t\t\t<div class=\"e-con-inner\">\n\t\t<div class=\"elementor-element elementor-element-8de6f9e e-con-full e-flex e-con e-child\" data-id=\"8de6f9e\" data-element_type=\"container\">\n\t\t\t\t<div class=\"elementor-element elementor-element-4622f74 elementor-widget-image-box wgl-image-box elementor-widget elementor-widget-wgl-services-2\" data-id=\"4622f74\" data-element_type=\"widget\" data-widget_type=\"wgl-services-2.default\">\n\t\t\t\t<div class=\"elementor-widget-container\">\n\t\t\t        <div class=\"wgl-services-2\">\n            <div class=\"wgl-services_wrap\">                <div class=\"wgl-services_media-wrap\">\n                    <div class=\"wgl-services_circle-wrapper\" style=\"width: 71px; height: 71px; left: 14.5px; top: 14.5px;\"><div class=\"wgl-services_circle\"><\/div><\/div>\n                    <div class=\"wgl-services_circle-wrapper\" style=\"width: 71px; height: 71px; left: 14.5px; top: 14.5px;\"><div class=\"wgl-services_circle\"><\/div><\/div><div class=\"wgl-widget_wrapper elementor-image-box-img\"><div class=\"wgl-widget_container\"><div class=\"wgl-image-box_img\"><span ><img fetchpriority=\"high\" decoding=\"async\" width=\"512\" height=\"512\" src=\"https:\/\/munifraijanes.gob.gt\/wordpress\/wp-content\/uploads\/2024\/02\/pdf-1.png\" class=\"attachment-full size-full wp-image-2542\" alt=\"\" srcset=\"https:\/\/munifraijanes.gob.gt\/wordpress\/wp-content\/uploads\/2024\/02\/pdf-1.png 512w, https:\/\/munifraijanes.gob.gt\/wordpress\/wp-content\/uploads\/2024\/02\/pdf-1-300x300.png 300w, https:\/\/munifraijanes.gob.gt\/wordpress\/wp-content\/uploads\/2024\/02\/pdf-1-150x150.png 150w, https:\/\/munifraijanes.gob.gt\/wordpress\/wp-content\/uploads\/2024\/02\/pdf-1-440x440.png 440w, https:\/\/munifraijanes.gob.gt\/wordpress\/wp-content\/uploads\/2024\/02\/pdf-1-180x180.png 180w, https:\/\/munifraijanes.gob.gt\/wordpress\/wp-content\/uploads\/2024\/02\/pdf-1-120x120.png 120w\" sizes=\"(max-width: 512px) 100vw, 512px\" \/><\/span><\/div><\/div><\/div>                <\/div>                <div class=\"wgl-services_content-wrap\">\n                    <h3 class=\"wgl-services_title\">LEY DE LOS CONSEJOS DE DESARROLLO URBANO Y RURAL<\/h3>                        <div class=\"wgl-services_text\"><p>DECRETO NUMERO 11-2002<\/p><\/div>                <\/div>                    <a class=\"wgl-services_item-link\" href=\"https:\/\/drive.google.com\/file\/d\/14F_8fl1mQh_Ik_le5INhqi6lhFc64MLp\/view?usp=sharing\" target=\"_blank\"><\/a>            <\/div>\n        <\/div>\n\n        \t\t<\/div>\n\t\t\t\t<\/div>\n\t\t\t\t<div class=\"elementor-element elementor-element-2230021 elementor-widget-image-box wgl-image-box elementor-widget elementor-widget-wgl-services-2\" data-id=\"2230021\" data-element_type=\"widget\" data-widget_type=\"wgl-services-2.default\">\n\t\t\t\t<div class=\"elementor-widget-container\">\n\t\t\t        <div class=\"wgl-services-2\">\n            <div class=\"wgl-services_wrap\">                <div class=\"wgl-services_media-wrap\">\n                    <div class=\"wgl-services_circle-wrapper\" style=\"width: 71px; height: 71px; left: 14.5px; top: 14.5px;\"><div class=\"wgl-services_circle\"><\/div><\/div>\n                    <div class=\"wgl-services_circle-wrapper\" style=\"width: 71px; height: 71px; left: 14.5px; top: 14.5px;\"><div class=\"wgl-services_circle\"><\/div><\/div><div class=\"wgl-widget_wrapper elementor-image-box-img\"><div class=\"wgl-widget_container\"><div class=\"wgl-image-box_img\"><span ><img fetchpriority=\"high\" decoding=\"async\" width=\"512\" height=\"512\" src=\"https:\/\/munifraijanes.gob.gt\/wordpress\/wp-content\/uploads\/2024\/02\/pdf-1.png\" class=\"attachment-full size-full wp-image-2542\" alt=\"\" srcset=\"https:\/\/munifraijanes.gob.gt\/wordpress\/wp-content\/uploads\/2024\/02\/pdf-1.png 512w, https:\/\/munifraijanes.gob.gt\/wordpress\/wp-content\/uploads\/2024\/02\/pdf-1-300x300.png 300w, https:\/\/munifraijanes.gob.gt\/wordpress\/wp-content\/uploads\/2024\/02\/pdf-1-150x150.png 150w, https:\/\/munifraijanes.gob.gt\/wordpress\/wp-content\/uploads\/2024\/02\/pdf-1-440x440.png 440w, https:\/\/munifraijanes.gob.gt\/wordpress\/wp-content\/uploads\/2024\/02\/pdf-1-180x180.png 180w, https:\/\/munifraijanes.gob.gt\/wordpress\/wp-content\/uploads\/2024\/02\/pdf-1-120x120.png 120w\" sizes=\"(max-width: 512px) 100vw, 512px\" \/><\/span><\/div><\/div><\/div>                <\/div>                <div class=\"wgl-services_content-wrap\">\n                    <h3 class=\"wgl-services_title\"> REGLAMENTO DE LOS CONSEJOS DE DESARROLLO  URBANO Y RURAL <\/h3>                        <div class=\"wgl-services_text\"><p>ACUERDO 461-2002<\/p><\/div>                <\/div>                    <a class=\"wgl-services_item-link\" href=\"https:\/\/drive.google.com\/file\/d\/1NiVf9PqwUPS5eZ4wlmfwO3s-yriZAq1A\/view?usp=sharing\" target=\"_blank\"><\/a>            <\/div>\n        <\/div>\n\n        \t\t<\/div>\n\t\t\t\t<\/div>\n\t\t\t\t<div class=\"elementor-element elementor-element-b0c1074 elementor-widget-image-box wgl-image-box elementor-widget elementor-widget-wgl-services-2\" data-id=\"b0c1074\" data-element_type=\"widget\" data-widget_type=\"wgl-services-2.default\">\n\t\t\t\t<div class=\"elementor-widget-container\">\n\t\t\t        <div class=\"wgl-services-2\">\n            <div class=\"wgl-services_wrap\">                <div class=\"wgl-services_media-wrap\">\n                    <div class=\"wgl-services_circle-wrapper\" style=\"width: 71px; height: 71px; left: 14.5px; top: 14.5px;\"><div class=\"wgl-services_circle\"><\/div><\/div>\n                    <div class=\"wgl-services_circle-wrapper\" style=\"width: 71px; height: 71px; left: 14.5px; top: 14.5px;\"><div class=\"wgl-services_circle\"><\/div><\/div><div class=\"wgl-widget_wrapper elementor-image-box-img\"><div class=\"wgl-widget_container\"><div class=\"wgl-image-box_img\"><span ><img fetchpriority=\"high\" decoding=\"async\" width=\"512\" height=\"512\" src=\"https:\/\/munifraijanes.gob.gt\/wordpress\/wp-content\/uploads\/2024\/02\/pdf-1.png\" class=\"attachment-full size-full wp-image-2542\" alt=\"\" srcset=\"https:\/\/munifraijanes.gob.gt\/wordpress\/wp-content\/uploads\/2024\/02\/pdf-1.png 512w, https:\/\/munifraijanes.gob.gt\/wordpress\/wp-content\/uploads\/2024\/02\/pdf-1-300x300.png 300w, https:\/\/munifraijanes.gob.gt\/wordpress\/wp-content\/uploads\/2024\/02\/pdf-1-150x150.png 150w, https:\/\/munifraijanes.gob.gt\/wordpress\/wp-content\/uploads\/2024\/02\/pdf-1-440x440.png 440w, https:\/\/munifraijanes.gob.gt\/wordpress\/wp-content\/uploads\/2024\/02\/pdf-1-180x180.png 180w, https:\/\/munifraijanes.gob.gt\/wordpress\/wp-content\/uploads\/2024\/02\/pdf-1-120x120.png 120w\" sizes=\"(max-width: 512px) 100vw, 512px\" \/><\/span><\/div><\/div><\/div>                <\/div>                <div class=\"wgl-services_content-wrap\">\n                    <h3 class=\"wgl-services_title\"> REGLAMENTO DE LOS CONSEJOS DE DESARROLLO  URBANO Y RURAL <\/h3>                        <div class=\"wgl-services_text\"><p>ACUERDO 461-2002<\/p><\/div>                <\/div>                    <a class=\"wgl-services_item-link\" href=\"https:\/\/drive.google.com\/file\/d\/1NiVf9PqwUPS5eZ4wlmfwO3s-yriZAq1A\/view?usp=sharing\" target=\"_blank\"><\/a>            <\/div>\n        <\/div>\n\n        \t\t<\/div>\n\t\t\t\t<\/div>\n\t\t\t\t<\/div>\n\t\t<div class=\"elementor-element elementor-element-c7722d0 e-con-full e-flex e-con e-child\" data-id=\"c7722d0\" data-element_type=\"container\">\n\t\t\t\t<div class=\"elementor-element elementor-element-17d87a6 elementor-widget-image-box wgl-image-box elementor-widget elementor-widget-wgl-services-2\" data-id=\"17d87a6\" data-element_type=\"widget\" data-widget_type=\"wgl-services-2.default\">\n\t\t\t\t<div class=\"elementor-widget-container\">\n\t\t\t        <div class=\"wgl-services-2\">\n            <div class=\"wgl-services_wrap\">                <div class=\"wgl-services_media-wrap\">\n                    <div class=\"wgl-services_circle-wrapper\" style=\"width: 71px; height: 71px; left: 14.5px; top: 14.5px;\"><div class=\"wgl-services_circle\"><\/div><\/div>\n                    <div class=\"wgl-services_circle-wrapper\" style=\"width: 71px; height: 71px; left: 14.5px; top: 14.5px;\"><div class=\"wgl-services_circle\"><\/div><\/div><div class=\"wgl-widget_wrapper elementor-image-box-img\"><div class=\"wgl-widget_container\"><div class=\"wgl-image-box_img\"><span ><img fetchpriority=\"high\" decoding=\"async\" width=\"512\" height=\"512\" src=\"https:\/\/munifraijanes.gob.gt\/wordpress\/wp-content\/uploads\/2024\/02\/pdf-1.png\" class=\"attachment-full size-full wp-image-2542\" alt=\"\" srcset=\"https:\/\/munifraijanes.gob.gt\/wordpress\/wp-content\/uploads\/2024\/02\/pdf-1.png 512w, https:\/\/munifraijanes.gob.gt\/wordpress\/wp-content\/uploads\/2024\/02\/pdf-1-300x300.png 300w, https:\/\/munifraijanes.gob.gt\/wordpress\/wp-content\/uploads\/2024\/02\/pdf-1-150x150.png 150w, https:\/\/munifraijanes.gob.gt\/wordpress\/wp-content\/uploads\/2024\/02\/pdf-1-440x440.png 440w, https:\/\/munifraijanes.gob.gt\/wordpress\/wp-content\/uploads\/2024\/02\/pdf-1-180x180.png 180w, https:\/\/munifraijanes.gob.gt\/wordpress\/wp-content\/uploads\/2024\/02\/pdf-1-120x120.png 120w\" sizes=\"(max-width: 512px) 100vw, 512px\" \/><\/span><\/div><\/div><\/div>                <\/div>                <div class=\"wgl-services_content-wrap\">\n                    <h3 class=\"wgl-services_title\">LEY ORG\u00c1NICA DEL PRESUPUESTO<\/h3>                        <div class=\"wgl-services_text\"><p>DECRETO NUMERO 101-97<\/p><\/div>                <\/div>                    <a class=\"wgl-services_item-link\" href=\"https:\/\/drive.google.com\/file\/d\/14RbMIwHeulCUDHg6IIZkleE1cil3epHc\/view?usp=sharing\" target=\"_blank\"><\/a>            <\/div>\n        <\/div>\n\n        \t\t<\/div>\n\t\t\t\t<\/div>\n\t\t\t\t<div class=\"elementor-element elementor-element-b22710e elementor-widget-image-box wgl-image-box elementor-widget elementor-widget-wgl-services-2\" data-id=\"b22710e\" data-element_type=\"widget\" data-widget_type=\"wgl-services-2.default\">\n\t\t\t\t<div class=\"elementor-widget-container\">\n\t\t\t        <div class=\"wgl-services-2\">\n            <div class=\"wgl-services_wrap\">                <div class=\"wgl-services_media-wrap\">\n                    <div class=\"wgl-services_circle-wrapper\" style=\"width: 71px; height: 71px; left: 14.5px; top: 14.5px;\"><div class=\"wgl-services_circle\"><\/div><\/div>\n                    <div class=\"wgl-services_circle-wrapper\" style=\"width: 71px; height: 71px; left: 14.5px; top: 14.5px;\"><div class=\"wgl-services_circle\"><\/div><\/div><div class=\"wgl-widget_wrapper elementor-image-box-img\"><div class=\"wgl-widget_container\"><div class=\"wgl-image-box_img\"><span ><img fetchpriority=\"high\" decoding=\"async\" width=\"512\" height=\"512\" src=\"https:\/\/munifraijanes.gob.gt\/wordpress\/wp-content\/uploads\/2024\/02\/pdf-1.png\" class=\"attachment-full size-full wp-image-2542\" alt=\"\" srcset=\"https:\/\/munifraijanes.gob.gt\/wordpress\/wp-content\/uploads\/2024\/02\/pdf-1.png 512w, https:\/\/munifraijanes.gob.gt\/wordpress\/wp-content\/uploads\/2024\/02\/pdf-1-300x300.png 300w, https:\/\/munifraijanes.gob.gt\/wordpress\/wp-content\/uploads\/2024\/02\/pdf-1-150x150.png 150w, https:\/\/munifraijanes.gob.gt\/wordpress\/wp-content\/uploads\/2024\/02\/pdf-1-440x440.png 440w, https:\/\/munifraijanes.gob.gt\/wordpress\/wp-content\/uploads\/2024\/02\/pdf-1-180x180.png 180w, https:\/\/munifraijanes.gob.gt\/wordpress\/wp-content\/uploads\/2024\/02\/pdf-1-120x120.png 120w\" sizes=\"(max-width: 512px) 100vw, 512px\" \/><\/span><\/div><\/div><\/div>                <\/div>                <div class=\"wgl-services_content-wrap\">\n                    <h3 class=\"wgl-services_title\">LEY DESCENTRALIZACI\u00d3N Decreto 14-2002<\/h3>                <\/div>                    <a class=\"wgl-services_item-link\" href=\"https:\/\/drive.google.com\/file\/d\/1F-ZnfunymxEnV3yPbxsW5zpSKAIYLYT3\/view?usp=sharing\" target=\"_blank\"><\/a>            <\/div>\n        <\/div>\n\n        \t\t<\/div>\n\t\t\t\t<\/div>\n\t\t\t\t<\/div>\n\t\t<div class=\"elementor-element elementor-element-20a12cd e-con-full e-flex e-con e-child\" data-id=\"20a12cd\" data-element_type=\"container\">\n\t\t\t\t<div class=\"elementor-element elementor-element-614a1f6 elementor-widget-image-box wgl-image-box elementor-widget elementor-widget-wgl-services-2\" data-id=\"614a1f6\" data-element_type=\"widget\" data-widget_type=\"wgl-services-2.default\">\n\t\t\t\t<div class=\"elementor-widget-container\">\n\t\t\t        <div class=\"wgl-services-2\">\n            <div class=\"wgl-services_wrap\">                <div class=\"wgl-services_media-wrap\">\n                    <div class=\"wgl-services_circle-wrapper\" style=\"width: 71px; height: 71px; left: 14.5px; top: 14.5px;\"><div class=\"wgl-services_circle\"><\/div><\/div>\n                    <div class=\"wgl-services_circle-wrapper\" style=\"width: 71px; height: 71px; left: 14.5px; top: 14.5px;\"><div class=\"wgl-services_circle\"><\/div><\/div><div class=\"wgl-widget_wrapper elementor-image-box-img\"><div class=\"wgl-widget_container\"><div class=\"wgl-image-box_img\"><span ><img fetchpriority=\"high\" decoding=\"async\" width=\"512\" height=\"512\" src=\"https:\/\/munifraijanes.gob.gt\/wordpress\/wp-content\/uploads\/2024\/02\/pdf-1.png\" class=\"attachment-full size-full wp-image-2542\" alt=\"\" srcset=\"https:\/\/munifraijanes.gob.gt\/wordpress\/wp-content\/uploads\/2024\/02\/pdf-1.png 512w, https:\/\/munifraijanes.gob.gt\/wordpress\/wp-content\/uploads\/2024\/02\/pdf-1-300x300.png 300w, https:\/\/munifraijanes.gob.gt\/wordpress\/wp-content\/uploads\/2024\/02\/pdf-1-150x150.png 150w, https:\/\/munifraijanes.gob.gt\/wordpress\/wp-content\/uploads\/2024\/02\/pdf-1-440x440.png 440w, https:\/\/munifraijanes.gob.gt\/wordpress\/wp-content\/uploads\/2024\/02\/pdf-1-180x180.png 180w, https:\/\/munifraijanes.gob.gt\/wordpress\/wp-content\/uploads\/2024\/02\/pdf-1-120x120.png 120w\" sizes=\"(max-width: 512px) 100vw, 512px\" \/><\/span><\/div><\/div><\/div>                <\/div>                <div class=\"wgl-services_content-wrap\">\n                    <h3 class=\"wgl-services_title\">Constituci\u00f3n Pol\u00edtica de la Rep\u00fablica de  Guatemala.<\/h3>                        <div class=\"wgl-services_text\"><p>Reformado por la Consulta Popular<br \/>Acuerdo Legislativo 18-93<br \/>Guatemala, C.A<\/p><\/div>                <\/div>                    <a class=\"wgl-services_item-link\" href=\"https:\/\/drive.google.com\/file\/d\/1WKtscvjoWD70WVdzsktnEoS4bXOLsBQa\/view?usp=sharing\" target=\"_blank\"><\/a>            <\/div>\n        <\/div>\n\n        \t\t<\/div>\n\t\t\t\t<\/div>\n\t\t\t\t<\/div>\n\t\t<div class=\"elementor-element elementor-element-49c73b5 e-con-full e-flex e-con e-child\" data-id=\"49c73b5\" data-element_type=\"container\">\n\t\t\t\t<div class=\"elementor-element elementor-element-628f1bb elementor-widget-image-box wgl-image-box elementor-widget elementor-widget-wgl-services-2\" data-id=\"628f1bb\" data-element_type=\"widget\" data-widget_type=\"wgl-services-2.default\">\n\t\t\t\t<div class=\"elementor-widget-container\">\n\t\t\t        <div class=\"wgl-services-2\">\n            <div class=\"wgl-services_wrap\">                <div class=\"wgl-services_media-wrap\">\n                    <div class=\"wgl-services_circle-wrapper\" style=\"width: 71px; height: 71px; left: 14.5px; top: 14.5px;\"><div class=\"wgl-services_circle\"><\/div><\/div>\n                    <div class=\"wgl-services_circle-wrapper\" style=\"width: 71px; height: 71px; left: 14.5px; top: 14.5px;\"><div class=\"wgl-services_circle\"><\/div><\/div><div class=\"wgl-widget_wrapper elementor-image-box-img\"><div class=\"wgl-widget_container\"><div class=\"wgl-image-box_img\"><span ><img fetchpriority=\"high\" decoding=\"async\" width=\"512\" height=\"512\" src=\"https:\/\/munifraijanes.gob.gt\/wordpress\/wp-content\/uploads\/2024\/02\/pdf-1.png\" class=\"attachment-full size-full wp-image-2542\" alt=\"\" srcset=\"https:\/\/munifraijanes.gob.gt\/wordpress\/wp-content\/uploads\/2024\/02\/pdf-1.png 512w, https:\/\/munifraijanes.gob.gt\/wordpress\/wp-content\/uploads\/2024\/02\/pdf-1-300x300.png 300w, https:\/\/munifraijanes.gob.gt\/wordpress\/wp-content\/uploads\/2024\/02\/pdf-1-150x150.png 150w, https:\/\/munifraijanes.gob.gt\/wordpress\/wp-content\/uploads\/2024\/02\/pdf-1-440x440.png 440w, https:\/\/munifraijanes.gob.gt\/wordpress\/wp-content\/uploads\/2024\/02\/pdf-1-180x180.png 180w, https:\/\/munifraijanes.gob.gt\/wordpress\/wp-content\/uploads\/2024\/02\/pdf-1-120x120.png 120w\" sizes=\"(max-width: 512px) 100vw, 512px\" \/><\/span><\/div><\/div><\/div>                <\/div>                <div class=\"wgl-services_content-wrap\">\n                    <h3 class=\"wgl-services_title\">C\u00d3DIGO MUNICIPAL.<\/h3>                        <div class=\"wgl-services_text\"><p>DECRETO NUMERO 12-2002<\/p><\/div>                <\/div>                    <a class=\"wgl-services_item-link\" href=\"https:\/\/drive.google.com\/file\/d\/1gCrFhOLDjRduGF_0xgk56_zb1mT5qWcb\/view?usp=sharing\" target=\"_blank\"><\/a>            <\/div>\n        <\/div>\n\n        \t\t<\/div>\n\t\t\t\t<\/div>\n\t\t\t\t<\/div>\n\t\t\t\t\t<\/div>\n\t\t\t\t<\/div>\n\t\t<div class=\"elementor-element elementor-element-4b41a8d e-flex e-con-boxed e-con e-parent\" data-id=\"4b41a8d\" data-element_type=\"container\">\n\t\t\t\t\t<div class=\"e-con-inner\">\n\t\t<div class=\"elementor-element elementor-element-736107d e-con-full e-flex e-con e-child\" data-id=\"736107d\" data-element_type=\"container\">\n\t\t\t\t<\/div>\n\t\t<div class=\"elementor-element elementor-element-0deb6c6 e-con-full e-flex e-con e-child\" data-id=\"0deb6c6\" data-element_type=\"container\">\n\t\t\t\t<\/div>\n\t\t<div class=\"elementor-element elementor-element-b1d51b9 e-con-full e-flex e-con e-child\" data-id=\"b1d51b9\" data-element_type=\"container\">\n\t\t\t\t<\/div>\n\t\t<div class=\"elementor-element elementor-element-2f52ab2 e-con-full e-flex e-con e-child\" data-id=\"2f52ab2\" data-element_type=\"container\">\n\t\t\t\t<\/div>\n\t\t\t\t\t<\/div>\n\t\t\t\t<\/div>\n\t\t\t\t<\/div>\n\t\t","protected":false},"excerpt":{"rendered":"<p>LEY DE LOS CONSEJOS DE DESARROLLO URBANO Y RURAL DECRETO NUMERO 11-2002 REGLAMENTO DE LOS CONSEJOS DE DESARROLLO URBANO Y RURAL ACUERDO 461-2002 REGLAMENTO DE LOS CONSEJOS DE DESARROLLO URBANO Y RURAL ACUERDO 461-2002 LEY ORG\u00c1NICA DEL PRESUPUESTO DECRETO NUMERO 101-97 LEY DESCENTRALIZACI\u00d3N Decreto 14-2002 Constituci\u00f3n Pol\u00edtica de la Rep\u00fablica de Guatemala. Reformado por la [&hellip;]<\/p>\n","protected":false},"author":1,"featured_media":0,"parent":0,"menu_order":0,"comment_status":"closed","ping_status":"closed","template":"","meta":{"ub_ctt_via":"","footnotes":""},"class_list":["post-8174","page","type-page","status-publish","hentry"],"featured_image_src":null,"jetpack_sharing_enabled":true,"_links":{"self":[{"href":"https:\/\/munifraijanes.gob.gt\/wordpress\/index.php?rest_route=\/wp\/v2\/pages\/8174","targetHints":{"allow":["GET"]}}],"collection":[{"href":"https:\/\/munifraijanes.gob.gt\/wordpress\/index.php?rest_route=\/wp\/v2\/pages"}],"about":[{"href":"https:\/\/munifraijanes.gob.gt\/wordpress\/index.php?rest_route=\/wp\/v2\/types\/page"}],"author":[{"embeddable":true,"href":"https:\/\/munifraijanes.gob.gt\/wordpress\/index.php?rest_route=\/wp\/v2\/users\/1"}],"replies":[{"embeddable":true,"href":"https:\/\/munifraijanes.gob.gt\/wordpress\/index.php?rest_route=%2Fwp%2Fv2%2Fcomments&post=8174"}],"version-history":[{"count":6,"href":"https:\/\/munifraijanes.gob.gt\/wordpress\/index.php?rest_route=\/wp\/v2\/pages\/8174\/revisions"}],"predecessor-version":[{"id":12027,"href":"https:\/\/munifraijanes.gob.gt\/wordpress\/index.php?rest_route=\/wp\/v2\/pages\/8174\/revisions\/12027"}],"wp:attachment":[{"href":"https:\/\/munifraijanes.gob.gt\/wordpress\/index.php?rest_route=%2Fwp%2Fv2%2Fmedia&parent=8174"}],"curies":[{"name":"wp","href":"https:\/\/api.w.org\/{rel}","templated":true}]}}